{"id":10548,"date":"2021-12-10T14:41:22","date_gmt":"2021-12-10T13:41:22","guid":{"rendered":"https:\/\/spurensuche.museumdurbach.de\/index.php\/99-contacts\/"},"modified":"2026-03-20T22:17:38","modified_gmt":"2026-03-20T21:17:38","slug":"99-contacts","status":"publish","type":"page","link":"https:\/\/spurensuche.museumdurbach.de\/fr\/99-contacts\/","title":{"rendered":"99 Contacts"},"content":{"rendered":"\t\t<div data-elementor-type=\"wp-page\" data-elementor-id=\"10548\" class=\"elementor elementor-10548 elementor-192\" data-elementor-settings=\"{&quot;ha_cmc_init_switcher&quot;:&quot;no&quot;}\">\n\t\t\t\t\t\t<section class=\"elementor-section elementor-top-section elementor-element elementor-element-d3eb777 elementor-section-full_width elementor-section-height-default elementor-section-height-default\" data-id=\"d3eb777\" data-element_type=\"section\" data-e-type=\"section\" data-settings=\"{&quot;jet_parallax_layout_list&quot;:[{&quot;jet_parallax_layout_image&quot;:{&quot;url&quot;:&quot;&quot;,&quot;id&quot;:&quot;&quot;,&quot;size&quot;:&quot;&quot;},&quot;_id&quot;:&quot;ac91769&quot;,&quot;jet_parallax_layout_speed&quot;:{&quot;unit&quot;:&quot;%&quot;,&quot;size&quot;:&quot;50&quot;,&quot;sizes&quot;:[]},&quot;jet_parallax_layout_bg_x&quot;:&quot;50&quot;,&quot;jet_parallax_layout_bg_y&quot;:&quot;50&quot;,&quot;jet_parallax_layout_image_tablet&quot;:{&quot;url&quot;:&quot;&quot;,&quot;id&quot;:&quot;&quot;,&quot;size&quot;:&quot;&quot;},&quot;jet_parallax_layout_image_mobile&quot;:{&quot;url&quot;:&quot;&quot;,&quot;id&quot;:&quot;&quot;,&quot;size&quot;:&quot;&quot;},&quot;jet_parallax_layout_type&quot;:&quot;scroll&quot;,&quot;jet_parallax_layout_direction&quot;:&quot;1&quot;,&quot;jet_parallax_layout_fx_direction&quot;:null,&quot;jet_parallax_layout_z_index&quot;:&quot;&quot;,&quot;jet_parallax_layout_bg_x_tablet&quot;:&quot;&quot;,&quot;jet_parallax_layout_bg_x_mobile&quot;:&quot;&quot;,&quot;jet_parallax_layout_bg_y_tablet&quot;:&quot;&quot;,&quot;jet_parallax_layout_bg_y_mobile&quot;:&quot;&quot;,&quot;jet_parallax_layout_bg_size&quot;:&quot;auto&quot;,&quot;jet_parallax_layout_bg_size_tablet&quot;:&quot;&quot;,&quot;jet_parallax_layout_bg_size_mobile&quot;:&quot;&quot;,&quot;jet_parallax_layout_animation_prop&quot;:&quot;transform&quot;,&quot;jet_parallax_layout_on&quot;:[&quot;desktop&quot;,&quot;tablet&quot;]}],&quot;_ha_eqh_enable&quot;:false}\">\n\t\t\t\t\t\t<div class=\"elementor-container elementor-column-gap-no\">\n\t\t\t\t\t<div class=\"elementor-column elementor-col-100 elementor-top-column elementor-element elementor-element-c6f5c72\" data-id=\"c6f5c72\" data-element_type=\"column\" data-e-type=\"column\">\n\t\t\t<div class=\"elementor-widget-wrap elementor-element-populated\">\n\t\t\t\t\t\t<div class=\"elementor-element elementor-element-bd55695 ha-has-bg-overlay elementor-widget elementor-widget-heading\" data-id=\"bd55695\" data-element_type=\"widget\" data-e-type=\"widget\" data-widget_type=\"heading.default\">\n\t\t\t\t\t<h3 class=\"elementor-heading-title elementor-size-default\">Contact et itin\u00e9raire<\/h3>\t\t\t\t<\/div>\n\t\t\t\t\t<\/div>\n\t\t<\/div>\n\t\t\t\t\t<\/div>\n\t\t<\/section>\n\t\t\t\t<section class=\"elementor-section elementor-top-section elementor-element elementor-element-ca18e16 elementor-section-height-min-height elementor-section-full_width elementor-section-height-default elementor-section-items-middle\" data-id=\"ca18e16\" data-element_type=\"section\" data-e-type=\"section\" data-settings=\"{&quot;jet_parallax_layout_list&quot;:[{&quot;jet_parallax_layout_image&quot;:{&quot;url&quot;:&quot;&quot;,&quot;id&quot;:&quot;&quot;,&quot;size&quot;:&quot;&quot;},&quot;_id&quot;:&quot;e825673&quot;,&quot;jet_parallax_layout_speed&quot;:{&quot;unit&quot;:&quot;%&quot;,&quot;size&quot;:&quot;50&quot;,&quot;sizes&quot;:[]},&quot;jet_parallax_layout_bg_x&quot;:&quot;50&quot;,&quot;jet_parallax_layout_bg_y&quot;:&quot;50&quot;,&quot;jet_parallax_layout_image_tablet&quot;:{&quot;url&quot;:&quot;&quot;,&quot;id&quot;:&quot;&quot;,&quot;size&quot;:&quot;&quot;},&quot;jet_parallax_layout_image_mobile&quot;:{&quot;url&quot;:&quot;&quot;,&quot;id&quot;:&quot;&quot;,&quot;size&quot;:&quot;&quot;},&quot;jet_parallax_layout_type&quot;:&quot;scroll&quot;,&quot;jet_parallax_layout_direction&quot;:&quot;1&quot;,&quot;jet_parallax_layout_fx_direction&quot;:null,&quot;jet_parallax_layout_z_index&quot;:&quot;&quot;,&quot;jet_parallax_layout_bg_x_tablet&quot;:&quot;&quot;,&quot;jet_parallax_layout_bg_x_mobile&quot;:&quot;&quot;,&quot;jet_parallax_layout_bg_y_tablet&quot;:&quot;&quot;,&quot;jet_parallax_layout_bg_y_mobile&quot;:&quot;&quot;,&quot;jet_parallax_layout_bg_size&quot;:&quot;auto&quot;,&quot;jet_parallax_layout_bg_size_tablet&quot;:&quot;&quot;,&quot;jet_parallax_layout_bg_size_mobile&quot;:&quot;&quot;,&quot;jet_parallax_layout_animation_prop&quot;:&quot;transform&quot;,&quot;jet_parallax_layout_on&quot;:[&quot;desktop&quot;,&quot;tablet&quot;]}],&quot;_ha_eqh_enable&quot;:false}\">\n\t\t\t\t\t\t<div class=\"elementor-container elementor-column-gap-no\">\n\t\t\t\t\t<div class=\"elementor-column elementor-col-33 elementor-top-column elementor-element elementor-element-572d334\" data-id=\"572d334\" data-element_type=\"column\" data-e-type=\"column\">\n\t\t\t<div class=\"elementor-widget-wrap elementor-element-populated\">\n\t\t\t\t\t\t<div class=\"elementor-element elementor-element-11be65b elementor-widget elementor-widget-icon-box\" data-id=\"11be65b\" data-element_type=\"widget\" data-e-type=\"widget\" data-widget_type=\"icon-box.default\">\n\t\t\t\t\t\t\t<div class=\"elementor-icon-box-wrapper\">\n\n\t\t\t\n\t\t\t\t\t\t<div class=\"elementor-icon-box-content\">\n\n\t\t\t\t\t\t\t\t\t<h4 class=\"elementor-icon-box-title\">\n\t\t\t\t\t\t<span  >\n\t\t\t\t\t\t\tT\u00e9l\u00e9phone\t\t\t\t\t\t<\/span>\n\t\t\t\t\t<\/h4>\n\t\t\t\t\n\t\t\t\t\t\t\t\t\t<p class=\"elementor-icon-box-description\">\n\t\t\t\t\t\t+49 781 58634\t\t\t\t\t<\/p>\n\t\t\t\t\n\t\t\t<\/div>\n\t\t\t\n\t\t<\/div>\n\t\t\t\t\t\t<\/div>\n\t\t\t\t\t<\/div>\n\t\t<\/div>\n\t\t\t\t<div class=\"elementor-column elementor-col-33 elementor-top-column elementor-element elementor-element-6fdfe2f\" data-id=\"6fdfe2f\" data-element_type=\"column\" data-e-type=\"column\">\n\t\t\t<div class=\"elementor-widget-wrap elementor-element-populated\">\n\t\t\t\t\t\t<div class=\"elementor-element elementor-element-665e1b7 elementor-widget elementor-widget-icon-box\" data-id=\"665e1b7\" data-element_type=\"widget\" data-e-type=\"widget\" data-widget_type=\"icon-box.default\">\n\t\t\t\t\t\t\t<div class=\"elementor-icon-box-wrapper\">\n\n\t\t\t\n\t\t\t\t\t\t<div class=\"elementor-icon-box-content\">\n\n\t\t\t\t\t\t\t\t\t<h4 class=\"elementor-icon-box-title\">\n\t\t\t\t\t\t<a href=\"mailto:info@yourdomain.com\" >\n\t\t\t\t\t\t\tE-mail\t\t\t\t\t\t<\/a>\n\t\t\t\t\t<\/h4>\n\t\t\t\t\n\t\t\t\t\t\t\t\t\t<p class=\"elementor-icon-box-description\">\n\t\t\t\t\t\tinfo@museumdurbach.de\t\t\t\t\t<\/p>\n\t\t\t\t\n\t\t\t<\/div>\n\t\t\t\n\t\t<\/div>\n\t\t\t\t\t\t<\/div>\n\t\t\t\t\t<\/div>\n\t\t<\/div>\n\t\t\t\t<div class=\"elementor-column elementor-col-33 elementor-top-column elementor-element elementor-element-384645d\" data-id=\"384645d\" data-element_type=\"column\" data-e-type=\"column\">\n\t\t\t<div class=\"elementor-widget-wrap elementor-element-populated\">\n\t\t\t\t\t\t<div class=\"elementor-element elementor-element-052f3c6 elementor-widget elementor-widget-icon-box\" data-id=\"052f3c6\" data-element_type=\"widget\" data-e-type=\"widget\" data-widget_type=\"icon-box.default\">\n\t\t\t\t\t\t\t<div class=\"elementor-icon-box-wrapper\">\n\n\t\t\t\n\t\t\t\t\t\t<div class=\"elementor-icon-box-content\">\n\n\t\t\t\t\t\t\t\t\t<h4 class=\"elementor-icon-box-title\">\n\t\t\t\t\t\t<span  >\n\t\t\t\t\t\t\tAdresse\t\t\t\t\t\t<\/span>\n\t\t\t\t\t<\/h4>\n\t\t\t\t\n\t\t\t\t\t\t\t\t\t<p class=\"elementor-icon-box-description\">\n\t\t\t\t\t\tTal 36, 77770 Durbach\t\t\t\t\t<\/p>\n\t\t\t\t\n\t\t\t<\/div>\n\t\t\t\n\t\t<\/div>\n\t\t\t\t\t\t<\/div>\n\t\t\t\t\t<\/div>\n\t\t<\/div>\n\t\t\t\t\t<\/div>\n\t\t<\/section>\n\t\t\t\t<section class=\"elementor-section elementor-top-section elementor-element elementor-element-1792390 elementor-section-height-min-height elementor-section-full_width elementor-section-height-default elementor-section-items-middle\" data-id=\"1792390\" data-element_type=\"section\" data-e-type=\"section\" data-settings=\"{&quot;jet_parallax_layout_list&quot;:[{&quot;jet_parallax_layout_image&quot;:{&quot;url&quot;:&quot;&quot;,&quot;id&quot;:&quot;&quot;,&quot;size&quot;:&quot;&quot;},&quot;_id&quot;:&quot;e735624&quot;,&quot;jet_parallax_layout_speed&quot;:{&quot;unit&quot;:&quot;%&quot;,&quot;size&quot;:&quot;50&quot;,&quot;sizes&quot;:[]},&quot;jet_parallax_layout_bg_x&quot;:&quot;50&quot;,&quot;jet_parallax_layout_bg_y&quot;:&quot;50&quot;,&quot;jet_parallax_layout_image_tablet&quot;:{&quot;url&quot;:&quot;&quot;,&quot;id&quot;:&quot;&quot;,&quot;size&quot;:&quot;&quot;},&quot;jet_parallax_layout_image_mobile&quot;:{&quot;url&quot;:&quot;&quot;,&quot;id&quot;:&quot;&quot;,&quot;size&quot;:&quot;&quot;},&quot;jet_parallax_layout_type&quot;:&quot;scroll&quot;,&quot;jet_parallax_layout_direction&quot;:&quot;1&quot;,&quot;jet_parallax_layout_fx_direction&quot;:null,&quot;jet_parallax_layout_z_index&quot;:&quot;&quot;,&quot;jet_parallax_layout_bg_x_tablet&quot;:&quot;&quot;,&quot;jet_parallax_layout_bg_x_mobile&quot;:&quot;&quot;,&quot;jet_parallax_layout_bg_y_tablet&quot;:&quot;&quot;,&quot;jet_parallax_layout_bg_y_mobile&quot;:&quot;&quot;,&quot;jet_parallax_layout_bg_size&quot;:&quot;auto&quot;,&quot;jet_parallax_layout_bg_size_tablet&quot;:&quot;&quot;,&quot;jet_parallax_layout_bg_size_mobile&quot;:&quot;&quot;,&quot;jet_parallax_layout_animation_prop&quot;:&quot;transform&quot;,&quot;jet_parallax_layout_on&quot;:[&quot;desktop&quot;,&quot;tablet&quot;]}],&quot;_ha_eqh_enable&quot;:false}\">\n\t\t\t\t\t\t<div class=\"elementor-container elementor-column-gap-no\">\n\t\t\t\t\t<div class=\"elementor-column elementor-col-100 elementor-top-column elementor-element elementor-element-5d74b95\" data-id=\"5d74b95\" data-element_type=\"column\" data-e-type=\"column\" data-settings=\"{&quot;background_background&quot;:&quot;classic&quot;}\">\n\t\t\t<div class=\"elementor-widget-wrap elementor-element-populated\">\n\t\t\t\t\t\t<div class=\"elementor-element elementor-element-82d62e0 elementor-widget elementor-widget-text-editor\" data-id=\"82d62e0\" data-element_type=\"widget\" data-e-type=\"widget\" data-widget_type=\"text-editor.default\">\n\t\t\t\t\t\t\t\t\t<p style=\"text-align: center;\">En envoyant votre message, vous acceptez que les donn\u00e9es que vous fournissez soient collect\u00e9es et stock\u00e9es \u00e9lectroniquement. Ces donn\u00e9es ne sont utilis\u00e9es qu&rsquo;aux seules fins de traitement et de r\u00e9ponse \u00e0 votre demande. Vous trouverez des informations d\u00e9taill\u00e9es sur le traitement des donn\u00e9es des utilisateurs dans notre d\u00e9claration de protection des donn\u00e9es ci-dessous.<\/p>\t\t\t\t\t\t\t\t<\/div>\n\t\t\t\t<div class=\"elementor-element elementor-element-7bb5678 raven-form-button-align-spaced elementor-widget elementor-widget-raven-form\" data-id=\"7bb5678\" data-element_type=\"widget\" data-e-type=\"widget\" data-settings=\"{&quot;fields&quot;:[{&quot;placeholder&quot;:&quot;Nom de famille&quot;,&quot;_id&quot;:&quot;ab9f731&quot;,&quot;acceptance_text&quot;:null,&quot;rows&quot;:null,&quot;width&quot;:&quot;50&quot;,&quot;field_custom_id&quot;:&quot;ab9f731&quot;,&quot;step_previous_button&quot;:null,&quot;step_next_button&quot;:null,&quot;type&quot;:&quot;text&quot;,&quot;label&quot;:&quot;&quot;,&quot;recaptcha_badge&quot;:null,&quot;recaptcha_theme&quot;:null,&quot;recaptcha_size&quot;:null,&quot;checked_by_default&quot;:null,&quot;min_time&quot;:null,&quot;max_time&quot;:null,&quot;min_date&quot;:null,&quot;max_date&quot;:null,&quot;localization&quot;:null,&quot;min&quot;:null,&quot;max&quot;:null,&quot;field_options&quot;:null,&quot;inline_list&quot;:null,&quot;field_html&quot;:null,&quot;native_html5&quot;:null,&quot;multiple_selection&quot;:null,&quot;required&quot;:&quot;&quot;,&quot;iti_tel&quot;:null,&quot;iti_tel_tel_type&quot;:null,&quot;iti_tel_require_area&quot;:null,&quot;iti_tel_allow_dropdown&quot;:null,&quot;iti_tel_country_include&quot;:null,&quot;iti_tel_ip_detect&quot;:null,&quot;iti_tel_internationalize&quot;:null,&quot;file_sizes&quot;:null,&quot;file_types&quot;:null,&quot;allow_multiple_upload&quot;:null,&quot;max_files&quot;:null,&quot;step_icon&quot;:null,&quot;width_tablet&quot;:&quot;&quot;,&quot;width_mobile&quot;:&quot;&quot;,&quot;field_value&quot;:&quot;&quot;},{&quot;type&quot;:&quot;email&quot;,&quot;placeholder&quot;:&quot;Adresse e-mail&quot;,&quot;required&quot;:&quot;true&quot;,&quot;_id&quot;:&quot;ed3de47&quot;,&quot;acceptance_text&quot;:null,&quot;rows&quot;:null,&quot;width&quot;:&quot;50&quot;,&quot;field_custom_id&quot;:&quot;ed3de47&quot;,&quot;step_previous_button&quot;:null,&quot;step_next_button&quot;:null,&quot;label&quot;:&quot;&quot;,&quot;recaptcha_badge&quot;:null,&quot;recaptcha_theme&quot;:null,&quot;recaptcha_size&quot;:null,&quot;checked_by_default&quot;:null,&quot;min_time&quot;:null,&quot;max_time&quot;:null,&quot;min_date&quot;:null,&quot;max_date&quot;:null,&quot;localization&quot;:null,&quot;min&quot;:null,&quot;max&quot;:null,&quot;field_options&quot;:null,&quot;inline_list&quot;:null,&quot;field_html&quot;:null,&quot;native_html5&quot;:null,&quot;multiple_selection&quot;:null,&quot;iti_tel&quot;:null,&quot;iti_tel_tel_type&quot;:null,&quot;iti_tel_require_area&quot;:null,&quot;iti_tel_allow_dropdown&quot;:null,&quot;iti_tel_country_include&quot;:null,&quot;iti_tel_ip_detect&quot;:null,&quot;iti_tel_internationalize&quot;:null,&quot;file_sizes&quot;:null,&quot;file_types&quot;:null,&quot;allow_multiple_upload&quot;:null,&quot;max_files&quot;:null,&quot;step_icon&quot;:null,&quot;width_tablet&quot;:&quot;&quot;,&quot;width_mobile&quot;:&quot;&quot;,&quot;field_value&quot;:&quot;&quot;},{&quot;type&quot;:&quot;textarea&quot;,&quot;placeholder&quot;:&quot;Nouvelles&quot;,&quot;_id&quot;:&quot;6488ec4&quot;,&quot;acceptance_text&quot;:null,&quot;rows&quot;:&quot;5&quot;,&quot;required&quot;:&quot;true&quot;,&quot;field_custom_id&quot;:&quot;6488ec4&quot;,&quot;step_previous_button&quot;:null,&quot;step_next_button&quot;:null,&quot;label&quot;:&quot;&quot;,&quot;recaptcha_badge&quot;:null,&quot;recaptcha_theme&quot;:null,&quot;recaptcha_size&quot;:null,&quot;checked_by_default&quot;:null,&quot;min_time&quot;:null,&quot;max_time&quot;:null,&quot;min_date&quot;:null,&quot;max_date&quot;:null,&quot;localization&quot;:null,&quot;min&quot;:null,&quot;max&quot;:null,&quot;field_options&quot;:null,&quot;inline_list&quot;:null,&quot;field_html&quot;:null,&quot;native_html5&quot;:null,&quot;multiple_selection&quot;:null,&quot;iti_tel&quot;:null,&quot;iti_tel_tel_type&quot;:null,&quot;iti_tel_require_area&quot;:null,&quot;iti_tel_allow_dropdown&quot;:null,&quot;iti_tel_country_include&quot;:null,&quot;iti_tel_ip_detect&quot;:null,&quot;iti_tel_internationalize&quot;:null,&quot;file_sizes&quot;:null,&quot;file_types&quot;:null,&quot;allow_multiple_upload&quot;:null,&quot;max_files&quot;:null,&quot;step_icon&quot;:null,&quot;width&quot;:&quot;100&quot;,&quot;width_tablet&quot;:&quot;&quot;,&quot;width_mobile&quot;:&quot;&quot;,&quot;field_value&quot;:&quot;&quot;}],&quot;steps_type&quot;:&quot;number&quot;,&quot;steps_icon_shape&quot;:&quot;circle&quot;}\" data-widget_type=\"raven-form.default\">\n\t\t\t\t<div class=\"elementor-widget-container\">\n\t\t\t\t\t\t\t<form class=\"raven-form raven-flex raven-flex-wrap raven-flex-bottom\" method=\"post\" name=\"Nouvelle forme\">\n\t\t\t<input type=\"hidden\" name=\"post_id\" value=\"10548\" \/>\n\t\t\t<input type=\"hidden\" name=\"form_id\" value=\"7bb5678\" \/>\n\t\t\t\t\t<div id=\"raven-field-group-ab9f731\" class=\"raven-flex-wrap raven-field-type-text raven-field-group elementor-column elementor-col-50\">\n\t\t\t\t\t<input\n\t\t\toninput=\"onInvalidRavenFormField(event)\"\n\t\t\toninvalid=\"onInvalidRavenFormField(event)\"\n\t\t\ttype=\"text\" name=\"fields[ab9f731]\" id=\"form-field-ab9f731\" class=\"raven-field\" placeholder=\"Nom de famille\" data-type=\"text\" data-custom-id=\"ab9f731\">\n\t\t\t\t<\/div>\n\t\t\t\t<div id=\"raven-field-group-ed3de47\" class=\"raven-flex-wrap raven-field-type-email raven-field-group elementor-column elementor-col-50 raven-field-required\">\n\t\t\t\t\t<input\n\t\t\toninput=\"onInvalidRavenFormField(event)\"\n\t\t\toninvalid=\"onInvalidRavenFormField(event)\"\n\t\t\ttype=\"email\" name=\"fields[ed3de47]\" id=\"form-field-ed3de47\" class=\"raven-field\" placeholder=\"Adresse e-mail\" data-type=\"email\" data-custom-id=\"ed3de47\" required=\"required\">\n\t\t\t\t<\/div>\n\t\t\t\t<div id=\"raven-field-group-6488ec4\" class=\"raven-flex-wrap raven-field-type-textarea raven-field-group elementor-column elementor-col-100 raven-field-required\">\n\t\t\t\t\t<textarea\n\t\t\toninput=\"onInvalidRavenFormField(event)\"\n\t\t\toninvalid=\"onInvalidRavenFormField(event)\"\n\t\t\ttype=\"textarea\" name=\"fields[6488ec4]\" id=\"form-field-6488ec4\" class=\"raven-field\" placeholder=\"Nouvelles\" data-type=\"textarea\" data-custom-id=\"6488ec4\" required=\"required\"\t\t\trows=\"5\"><\/textarea>\n\t\t\t\t<\/div>\n\t\t\t\t\t\t\t<div class=\"raven-field-group raven-field-type-submit-button elementor-column elementor-col-100\">\n\t\t\t\t\t\t\t\t\t<button class=\"raven-submit-button\" type=\"submit\">\n\t\t\t\t\t\t<span>Soumettre<\/span>\n\t\t<\/button>\n\t\t\t\t\t\t\t<\/div>\n\t\t\t\t<\/form>\n\n\t\t\t\t\t\t\t\t<\/div>\n\t\t\t\t<\/div>\n\t\t\t\t\t<\/div>\n\t\t<\/div>\n\t\t\t\t\t<\/div>\n\t\t<\/section>\n\t\t\t\t<section class=\"elementor-section elementor-top-section elementor-element elementor-element-76dbcf4 elementor-section-full_width elementor-section-height-default elementor-section-height-default\" data-id=\"76dbcf4\" data-element_type=\"section\" data-e-type=\"section\" data-settings=\"{&quot;jet_parallax_layout_list&quot;:[{&quot;jet_parallax_layout_image&quot;:{&quot;url&quot;:&quot;&quot;,&quot;id&quot;:&quot;&quot;,&quot;size&quot;:&quot;&quot;},&quot;_id&quot;:&quot;d227b20&quot;,&quot;jet_parallax_layout_speed&quot;:{&quot;unit&quot;:&quot;%&quot;,&quot;size&quot;:&quot;50&quot;,&quot;sizes&quot;:[]},&quot;jet_parallax_layout_bg_x&quot;:&quot;50&quot;,&quot;jet_parallax_layout_bg_y&quot;:&quot;50&quot;,&quot;jet_parallax_layout_image_tablet&quot;:{&quot;url&quot;:&quot;&quot;,&quot;id&quot;:&quot;&quot;,&quot;size&quot;:&quot;&quot;},&quot;jet_parallax_layout_image_mobile&quot;:{&quot;url&quot;:&quot;&quot;,&quot;id&quot;:&quot;&quot;,&quot;size&quot;:&quot;&quot;},&quot;jet_parallax_layout_type&quot;:&quot;scroll&quot;,&quot;jet_parallax_layout_direction&quot;:&quot;1&quot;,&quot;jet_parallax_layout_fx_direction&quot;:null,&quot;jet_parallax_layout_z_index&quot;:&quot;&quot;,&quot;jet_parallax_layout_bg_x_tablet&quot;:&quot;&quot;,&quot;jet_parallax_layout_bg_x_mobile&quot;:&quot;&quot;,&quot;jet_parallax_layout_bg_y_tablet&quot;:&quot;&quot;,&quot;jet_parallax_layout_bg_y_mobile&quot;:&quot;&quot;,&quot;jet_parallax_layout_bg_size&quot;:&quot;auto&quot;,&quot;jet_parallax_layout_bg_size_tablet&quot;:&quot;&quot;,&quot;jet_parallax_layout_bg_size_mobile&quot;:&quot;&quot;,&quot;jet_parallax_layout_animation_prop&quot;:&quot;transform&quot;,&quot;jet_parallax_layout_on&quot;:[&quot;desktop&quot;,&quot;tablet&quot;]}],&quot;_ha_eqh_enable&quot;:false}\">\n\t\t\t\t\t\t<div class=\"elementor-container elementor-column-gap-no\">\n\t\t\t\t\t<div class=\"elementor-column elementor-col-100 elementor-top-column elementor-element elementor-element-72c675a\" data-id=\"72c675a\" data-element_type=\"column\" data-e-type=\"column\">\n\t\t\t<div class=\"elementor-widget-wrap elementor-element-populated\">\n\t\t\t\t\t\t<div class=\"elementor-element elementor-element-8e03bca elementor-widget elementor-widget-google_maps\" data-id=\"8e03bca\" data-element_type=\"widget\" data-e-type=\"widget\" data-widget_type=\"google_maps.default\">\n\t\t\t\t\t\t\t<div class=\"elementor-custom-embed\">\n\t\t\t<iframe loading=\"lazy\"\n\t\t\t\t\tsrc=\"https:\/\/www.google.com\/maps\/embed\/v1\/place?key=AIzaSyCXEZg4aQR__RV_skBQ9-WtRNqg35TBoN8&#038;q=Wein-%20und%20Heimatmuseum%2C%20Tal%2036%2C%20Durbach%2C%20Deutschland&#038;zoom=16\"\n\t\t\t\t\ttitle=\"Wein- und Heimatmuseum, Tal 36, Durbach, Deutschland\"\n\t\t\t\t\taria-label=\"Wein- und Heimatmuseum, Tal 36, Durbach, Deutschland\"\n\t\t\t><\/iframe>\n\t\t<\/div>\n\t\t\t\t\t\t<\/div>\n\t\t\t\t\t<\/div>\n\t\t<\/div>\n\t\t\t\t\t<\/div>\n\t\t<\/section>\n\t\t\t\t<\/div>\n\t\t","protected":false},"excerpt":{"rendered":"<p>Contact et itin\u00e9raire T\u00e9l\u00e9phone +49 781 58634 E-mail info@museumdurbach.de Adresse Tal 36, 77770 Durbach En envoyant votre message, vous acceptez que les donn\u00e9es que vous fournissez soient collect\u00e9es et stock\u00e9es \u00e9lectroniquement. Ces donn\u00e9es ne sont utilis\u00e9es qu&rsquo;aux seules fins de traitement et de r\u00e9ponse \u00e0 votre demande. Vous trouverez des informations d\u00e9taill\u00e9es sur le traitement [&hellip;]<\/p>\n","protected":false},"author":2,"featured_media":0,"parent":0,"menu_order":0,"comment_status":"closed","ping_status":"closed","template":"full-width.php","meta":{"_acf_changed":false,"ngg_post_thumbnail":0,"footnotes":""},"categories":[],"tags":[],"class_list":["post-10548","page","type-page","status-publish","hentry"],"acf":[],"_links":{"self":[{"href":"https:\/\/spurensuche.museumdurbach.de\/fr\/wp-json\/wp\/v2\/pages\/10548","targetHints":{"allow":["GET"]}}],"collection":[{"href":"https:\/\/spurensuche.museumdurbach.de\/fr\/wp-json\/wp\/v2\/pages"}],"about":[{"href":"https:\/\/spurensuche.museumdurbach.de\/fr\/wp-json\/wp\/v2\/types\/page"}],"author":[{"embeddable":true,"href":"https:\/\/spurensuche.museumdurbach.de\/fr\/wp-json\/wp\/v2\/users\/2"}],"replies":[{"embeddable":true,"href":"https:\/\/spurensuche.museumdurbach.de\/fr\/wp-json\/wp\/v2\/comments?post=10548"}],"version-history":[{"count":5,"href":"https:\/\/spurensuche.museumdurbach.de\/fr\/wp-json\/wp\/v2\/pages\/10548\/revisions"}],"predecessor-version":[{"id":18491,"href":"https:\/\/spurensuche.museumdurbach.de\/fr\/wp-json\/wp\/v2\/pages\/10548\/revisions\/18491"}],"wp:attachment":[{"href":"https:\/\/spurensuche.museumdurbach.de\/fr\/wp-json\/wp\/v2\/media?parent=10548"}],"wp:term":[{"taxonomy":"category","embeddable":true,"href":"https:\/\/spurensuche.museumdurbach.de\/fr\/wp-json\/wp\/v2\/categories?post=10548"},{"taxonomy":"post_tag","embeddable":true,"href":"https:\/\/spurensuche.museumdurbach.de\/fr\/wp-json\/wp\/v2\/tags?post=10548"}],"curies":[{"name":"wp","href":"https:\/\/api.w.org\/{rel}","templated":true}]}}