{"id":10610,"date":"2021-12-10T16:18:11","date_gmt":"2021-12-10T15:18:11","guid":{"rendered":"https:\/\/spurensuche.museumdurbach.de\/index.php\/avis-de-droit-dauteur\/"},"modified":"2026-03-21T00:11:42","modified_gmt":"2026-03-20T23:11:42","slug":"avis-de-droit-dauteur","status":"publish","type":"page","link":"https:\/\/spurensuche.museumdurbach.de\/fr\/avis-de-droit-dauteur\/","title":{"rendered":"Avis de droit d&rsquo;auteur"},"content":{"rendered":"\t\t<div data-elementor-type=\"wp-page\" data-elementor-id=\"10610\" class=\"elementor elementor-10610 elementor-4200\" data-elementor-settings=\"{&quot;ha_cmc_init_switcher&quot;:&quot;no&quot;}\">\n\t\t\t\t\t\t<section class=\"elementor-section elementor-top-section elementor-element elementor-element-284c065 elementor-section-full_width elementor-section-height-default elementor-section-height-default\" data-id=\"284c065\" data-element_type=\"section\" data-e-type=\"section\" data-settings=\"{&quot;jet_parallax_layout_list&quot;:[{&quot;jet_parallax_layout_image&quot;:{&quot;url&quot;:&quot;&quot;,&quot;id&quot;:&quot;&quot;,&quot;size&quot;:&quot;&quot;},&quot;_id&quot;:&quot;31c2f7a&quot;,&quot;jet_parallax_layout_speed&quot;:{&quot;unit&quot;:&quot;%&quot;,&quot;size&quot;:&quot;50&quot;,&quot;sizes&quot;:[]},&quot;jet_parallax_layout_bg_x&quot;:&quot;50&quot;,&quot;jet_parallax_layout_bg_y&quot;:&quot;50&quot;,&quot;jet_parallax_layout_image_tablet&quot;:{&quot;url&quot;:&quot;&quot;,&quot;id&quot;:&quot;&quot;,&quot;size&quot;:&quot;&quot;},&quot;jet_parallax_layout_image_mobile&quot;:{&quot;url&quot;:&quot;&quot;,&quot;id&quot;:&quot;&quot;,&quot;size&quot;:&quot;&quot;},&quot;jet_parallax_layout_type&quot;:&quot;scroll&quot;,&quot;jet_parallax_layout_direction&quot;:&quot;1&quot;,&quot;jet_parallax_layout_fx_direction&quot;:null,&quot;jet_parallax_layout_z_index&quot;:&quot;&quot;,&quot;jet_parallax_layout_bg_x_tablet&quot;:&quot;&quot;,&quot;jet_parallax_layout_bg_x_mobile&quot;:&quot;&quot;,&quot;jet_parallax_layout_bg_y_tablet&quot;:&quot;&quot;,&quot;jet_parallax_layout_bg_y_mobile&quot;:&quot;&quot;,&quot;jet_parallax_layout_bg_size&quot;:&quot;auto&quot;,&quot;jet_parallax_layout_bg_size_tablet&quot;:&quot;&quot;,&quot;jet_parallax_layout_bg_size_mobile&quot;:&quot;&quot;,&quot;jet_parallax_layout_animation_prop&quot;:&quot;transform&quot;,&quot;jet_parallax_layout_on&quot;:[&quot;desktop&quot;,&quot;tablet&quot;]}],&quot;_ha_eqh_enable&quot;:false}\">\n\t\t\t\t\t\t<div class=\"elementor-container elementor-column-gap-no\">\n\t\t\t\t\t<div class=\"elementor-column elementor-col-100 elementor-top-column elementor-element elementor-element-aea12f6\" data-id=\"aea12f6\" data-element_type=\"column\" data-e-type=\"column\">\n\t\t\t<div class=\"elementor-widget-wrap elementor-element-populated\">\n\t\t\t\t\t\t<div class=\"elementor-element elementor-element-a35bf02 elementor-widget elementor-widget-heading\" data-id=\"a35bf02\" data-element_type=\"widget\" data-e-type=\"widget\" data-widget_type=\"heading.default\">\n\t\t\t\t\t<h2 class=\"elementor-heading-title elementor-size-default\">Avis de droit d'auteur<\/h2>\t\t\t\t<\/div>\n\t\t\t\t\t<\/div>\n\t\t<\/div>\n\t\t\t\t\t<\/div>\n\t\t<\/section>\n\t\t\t\t<section class=\"elementor-section elementor-top-section elementor-element elementor-element-f4ea81d elementor-section-full_width elementor-section-height-default elementor-section-height-default\" data-id=\"f4ea81d\" data-element_type=\"section\" data-e-type=\"section\" data-settings=\"{&quot;jet_parallax_layout_list&quot;:[{&quot;jet_parallax_layout_image&quot;:{&quot;url&quot;:&quot;&quot;,&quot;id&quot;:&quot;&quot;,&quot;size&quot;:&quot;&quot;},&quot;_id&quot;:&quot;0ed3538&quot;,&quot;jet_parallax_layout_image_tablet&quot;:{&quot;url&quot;:&quot;&quot;,&quot;id&quot;:&quot;&quot;,&quot;size&quot;:&quot;&quot;},&quot;jet_parallax_layout_image_mobile&quot;:{&quot;url&quot;:&quot;&quot;,&quot;id&quot;:&quot;&quot;,&quot;size&quot;:&quot;&quot;},&quot;jet_parallax_layout_speed&quot;:{&quot;unit&quot;:&quot;%&quot;,&quot;size&quot;:50,&quot;sizes&quot;:[]},&quot;jet_parallax_layout_type&quot;:&quot;scroll&quot;,&quot;jet_parallax_layout_direction&quot;:&quot;1&quot;,&quot;jet_parallax_layout_fx_direction&quot;:null,&quot;jet_parallax_layout_z_index&quot;:&quot;&quot;,&quot;jet_parallax_layout_bg_x&quot;:50,&quot;jet_parallax_layout_bg_x_tablet&quot;:&quot;&quot;,&quot;jet_parallax_layout_bg_x_mobile&quot;:&quot;&quot;,&quot;jet_parallax_layout_bg_y&quot;:50,&quot;jet_parallax_layout_bg_y_tablet&quot;:&quot;&quot;,&quot;jet_parallax_layout_bg_y_mobile&quot;:&quot;&quot;,&quot;jet_parallax_layout_bg_size&quot;:&quot;auto&quot;,&quot;jet_parallax_layout_bg_size_tablet&quot;:&quot;&quot;,&quot;jet_parallax_layout_bg_size_mobile&quot;:&quot;&quot;,&quot;jet_parallax_layout_animation_prop&quot;:&quot;transform&quot;,&quot;jet_parallax_layout_on&quot;:[&quot;desktop&quot;,&quot;tablet&quot;]}],&quot;_ha_eqh_enable&quot;:false}\">\n\t\t\t\t\t\t<div class=\"elementor-container elementor-column-gap-default\">\n\t\t\t\t\t<div class=\"elementor-column elementor-col-100 elementor-top-column elementor-element elementor-element-ea30d62\" data-id=\"ea30d62\" data-element_type=\"column\" data-e-type=\"column\">\n\t\t\t<div class=\"elementor-widget-wrap elementor-element-populated\">\n\t\t\t\t\t\t<div class=\"elementor-element elementor-element-5945577 elementor-widget elementor-widget-text-editor\" data-id=\"5945577\" data-element_type=\"widget\" data-e-type=\"widget\" data-widget_type=\"text-editor.default\">\n\t\t\t\t\t\t\t\t\t<p>Le <span style=\"font-family: Verdana, sans-serif;\">contenu et les \u0153uvres cr\u00e9\u00e9s<\/span> <span style=\"font-family: Verdana, sans-serif;\">par<\/span> <span style=\"font-family: Verdana, sans-serif;\">l&rsquo;exploitant \u00ab Wein- und Heimatmuseum in Durbach eV \u00bb<\/span> sur <span style=\"font-family: Verdana, sans-serif;\">ce site et sur tous les autres sites web dont il est responsable<\/span> <span style=\"font-family: Verdana, sans-serif;\">sont soumis au droit d&rsquo;auteur allemand. La duplication, le traitement, la diffusion et toute forme d&rsquo;exploitation en dehors des limites du droit d&rsquo;auteur n\u00e9cessitent le consentement de l&rsquo;exploitant et du &nbsp; auteur respectif. Les t\u00e9l\u00e9chargements et copies de ce contenu ne sont autoris\u00e9s que pour un usage priv\u00e9 et non commercial.<\/span><\/p>\n<p><span style=\"font-family: Verdana, sans-serif;\">Dans la mesure o\u00f9 le contenu de ses sites web n&rsquo;a pas \u00e9t\u00e9 cr\u00e9\u00e9 par l&rsquo;exploitant, les droits d&rsquo;auteur des tiers sont respect\u00e9s. En particulier, le contenu de tiers est marqu\u00e9 comme tel si cela est n\u00e9cessaire. Des r\u00e8gles individuelles s&rsquo;appliquent aux institutions, biblioth\u00e8ques, archives, etc., auxquelles nous nous r\u00e9f\u00e9rons ci-dessous. <\/span>La reprise, l&rsquo;exploitation et le transfert doivent \u00eatre bas\u00e9s sur les m\u00eames r\u00e8gles que celles de la source d&rsquo;information.<\/p>\n<ul>\n<li>Biblioth\u00e8que universitaire de Fribourg-en-Brisgau\n<p><a href=\"https:\/\/www.ub.uni-freiburg.de\/go\/digi-nutzung\" target=\"_blank\" rel=\"noopener\" data-wplink-edit=\"true\">Conditions d&rsquo;utilisation des copies num\u00e9riques<\/a><\/p>\n<\/li>\n<li>\n<p>Archives d&rsquo;\u00c9tat du Bade-Wurtemberg<br><a href=\"https:\/\/www.landesarchiv-bw.de\/de\/recherche\/rechtsgrundlagen---nutzungsbedingungen\/46047\" target=\"_blank\" rel=\"noopener\">Base juridique et conditions d&rsquo;utilisation<\/a>&nbsp;<\/p>\n<\/li>\n<li>Archives municipales d&rsquo;Offenburg, archives paroissiales de Durbach, archives paroissiales de Durbach\n<p>Les documents et images ne peuvent \u00eatre t\u00e9l\u00e9charg\u00e9s et utilis\u00e9s qu&rsquo;\u00e0 des fins priv\u00e9es et non commerciales sans \u00e9tiquetage.<\/p>\n<\/li>\n<li>Tous les donateurs priv\u00e9s d&rsquo;images et de documents ont consenti \u00e0 leur publication sur les sites web du Mus\u00e9e du vin et d&rsquo;histoire locale de Durbach, dans le respect des droits personnels et sans obligation d&rsquo;\u00e9tiquetage, Armin Wagner, Lahr, conform\u00e9ment \u00e0 la licence CC BY-SA.<br><br><\/li>\n<li>Licence Creative Commons (CC BY-SA 3.0 DE)<br><a href=\"https:\/\/creativecommons.org\/licenses\/by\/3.0\/deed.de\" target=\"_blank\" rel=\"noopener\">Licence Creative Commons<\/a><\/li>\n<\/ul>\n<p>Si vous avez connaissance d&rsquo;une violation du droit d&rsquo;auteur, nous vous demandons de nous en informer en cons\u00e9quence. Nous corrigerons les violations des droits des tiers d\u00e8s que nous en aurons connaissance.<\/p>\n<h6>&nbsp;<\/h6>\n<h2><span style=\"color: #676773; font-family: Roboto; font-size: 16px;\">\u00a92021 Wein- und <\/span><span style=\"color: #676773; font-family: Roboto; font-size: 16px;\">Heimat-Museum in Durbach e.V.<\/span><\/h2>\t\t\t\t\t\t\t\t<\/div>\n\t\t\t\t\t<\/div>\n\t\t<\/div>\n\t\t\t\t\t<\/div>\n\t\t<\/section>\n\t\t\t\t<\/div>\n\t\t","protected":false},"excerpt":{"rendered":"<p>Avis de droit d&rsquo;auteur Le contenu et les \u0153uvres cr\u00e9\u00e9s par l&rsquo;exploitant \u00ab Wein- und Heimatmuseum in Durbach eV \u00bb sur ce site et sur tous les autres sites web dont il est responsable sont soumis au droit d&rsquo;auteur allemand. La duplication, le traitement, la diffusion et toute forme d&rsquo;exploitation en dehors des limites du [&hellip;]<\/p>\n","protected":false},"author":2,"featured_media":0,"parent":0,"menu_order":0,"comment_status":"closed","ping_status":"closed","template":"full-width.php","meta":{"_acf_changed":false,"ngg_post_thumbnail":0,"footnotes":""},"categories":[],"tags":[],"class_list":["post-10610","page","type-page","status-publish","hentry"],"acf":[],"_links":{"self":[{"href":"https:\/\/spurensuche.museumdurbach.de\/fr\/wp-json\/wp\/v2\/pages\/10610","targetHints":{"allow":["GET"]}}],"collection":[{"href":"https:\/\/spurensuche.museumdurbach.de\/fr\/wp-json\/wp\/v2\/pages"}],"about":[{"href":"https:\/\/spurensuche.museumdurbach.de\/fr\/wp-json\/wp\/v2\/types\/page"}],"author":[{"embeddable":true,"href":"https:\/\/spurensuche.museumdurbach.de\/fr\/wp-json\/wp\/v2\/users\/2"}],"replies":[{"embeddable":true,"href":"https:\/\/spurensuche.museumdurbach.de\/fr\/wp-json\/wp\/v2\/comments?post=10610"}],"version-history":[{"count":2,"href":"https:\/\/spurensuche.museumdurbach.de\/fr\/wp-json\/wp\/v2\/pages\/10610\/revisions"}],"predecessor-version":[{"id":18530,"href":"https:\/\/spurensuche.museumdurbach.de\/fr\/wp-json\/wp\/v2\/pages\/10610\/revisions\/18530"}],"wp:attachment":[{"href":"https:\/\/spurensuche.museumdurbach.de\/fr\/wp-json\/wp\/v2\/media?parent=10610"}],"wp:term":[{"taxonomy":"category","embeddable":true,"href":"https:\/\/spurensuche.museumdurbach.de\/fr\/wp-json\/wp\/v2\/categories?post=10610"},{"taxonomy":"post_tag","embeddable":true,"href":"https:\/\/spurensuche.museumdurbach.de\/fr\/wp-json\/wp\/v2\/tags?post=10610"}],"curies":[{"name":"wp","href":"https:\/\/api.w.org\/{rel}","templated":true}]}}