{"id":10626,"date":"2021-12-10T16:38:22","date_gmt":"2021-12-10T15:38:22","guid":{"rendered":"https:\/\/spurensuche.museumdurbach.de\/index.php\/10-ancienne-synagogue\/"},"modified":"2026-04-15T12:22:57","modified_gmt":"2026-04-15T10:22:57","slug":"10-0","status":"publish","type":"page","link":"https:\/\/spurensuche.museumdurbach.de\/fr\/10-0\/","title":{"rendered":"10 Ancienne synagogue"},"content":{"rendered":"\t\t<div data-elementor-type=\"wp-page\" data-elementor-id=\"10626\" class=\"elementor elementor-10626 elementor-2124\" data-elementor-settings=\"{&quot;ha_cmc_init_switcher&quot;:&quot;no&quot;}\">\n\t\t\t\t\t\t<section class=\"elementor-section elementor-top-section elementor-element elementor-element-85d71ed elementor-section-full_width elementor-section-height-default elementor-section-height-default\" data-id=\"85d71ed\" data-element_type=\"section\" data-e-type=\"section\" data-settings=\"{&quot;jet_parallax_layout_list&quot;:[{&quot;jet_parallax_layout_image&quot;:{&quot;url&quot;:&quot;&quot;,&quot;id&quot;:&quot;&quot;,&quot;size&quot;:&quot;&quot;},&quot;_id&quot;:&quot;ebeff0f&quot;,&quot;jet_parallax_layout_image_tablet&quot;:{&quot;url&quot;:&quot;&quot;,&quot;id&quot;:&quot;&quot;,&quot;size&quot;:&quot;&quot;},&quot;jet_parallax_layout_image_mobile&quot;:{&quot;url&quot;:&quot;&quot;,&quot;id&quot;:&quot;&quot;,&quot;size&quot;:&quot;&quot;},&quot;jet_parallax_layout_speed&quot;:{&quot;unit&quot;:&quot;%&quot;,&quot;size&quot;:50,&quot;sizes&quot;:[]},&quot;jet_parallax_layout_type&quot;:&quot;scroll&quot;,&quot;jet_parallax_layout_direction&quot;:&quot;1&quot;,&quot;jet_parallax_layout_fx_direction&quot;:null,&quot;jet_parallax_layout_z_index&quot;:&quot;&quot;,&quot;jet_parallax_layout_bg_x&quot;:50,&quot;jet_parallax_layout_bg_x_tablet&quot;:&quot;&quot;,&quot;jet_parallax_layout_bg_x_mobile&quot;:&quot;&quot;,&quot;jet_parallax_layout_bg_y&quot;:50,&quot;jet_parallax_layout_bg_y_tablet&quot;:&quot;&quot;,&quot;jet_parallax_layout_bg_y_mobile&quot;:&quot;&quot;,&quot;jet_parallax_layout_bg_size&quot;:&quot;auto&quot;,&quot;jet_parallax_layout_bg_size_tablet&quot;:&quot;&quot;,&quot;jet_parallax_layout_bg_size_mobile&quot;:&quot;&quot;,&quot;jet_parallax_layout_animation_prop&quot;:&quot;transform&quot;,&quot;jet_parallax_layout_on&quot;:[&quot;desktop&quot;,&quot;tablet&quot;]}],&quot;background_background&quot;:&quot;classic&quot;,&quot;_ha_eqh_enable&quot;:false}\">\n\t\t\t\t\t\t<div class=\"elementor-container elementor-column-gap-default\">\n\t\t\t\t\t<div class=\"elementor-column elementor-col-33 elementor-top-column elementor-element elementor-element-d6b026c elementor-hidden-mobile elementor-hidden-tablet\" data-id=\"d6b026c\" data-element_type=\"column\" data-e-type=\"column\">\n\t\t\t<div class=\"elementor-widget-wrap elementor-element-populated\">\n\t\t\t\t\t\t<div class=\"elementor-element elementor-element-6da3633 elementor-align-start elementor-icon-list--layout-traditional elementor-list-item-link-full_width ha-has-bg-overlay elementor-widget elementor-widget-icon-list\" data-id=\"6da3633\" data-element_type=\"widget\" data-e-type=\"widget\" data-widget_type=\"icon-list.default\">\n\t\t\t\t\t\t\t<ul class=\"elementor-icon-list-items\">\n\t\t\t\t\t\t\t<li class=\"elementor-icon-list-item\">\n\t\t\t\t\t\t\t\t\t\t<span class=\"elementor-icon-list-text\">Dans le quartier<\/span>\n\t\t\t\t\t\t\t\t\t<\/li>\n\t\t\t\t\t\t<\/ul>\n\t\t\t\t\t\t<\/div>\n\t\t\t\t\t<\/div>\n\t\t<\/div>\n\t\t\t\t<div class=\"elementor-column elementor-col-66 elementor-top-column elementor-element elementor-element-d8d9bd8\" data-id=\"d8d9bd8\" data-element_type=\"column\" data-e-type=\"column\">\n\t\t\t<div class=\"elementor-widget-wrap elementor-element-populated\">\n\t\t\t\t\t\t<div class=\"elementor-element elementor-element-d5ca7b5 ha-has-bg-overlay elementor-widget elementor-widget-text-editor\" data-id=\"d5ca7b5\" data-element_type=\"widget\" data-e-type=\"widget\" data-widget_type=\"text-editor.default\">\n\t\t\t\t\t\t\t\t\t<p>Ancienne synagogue 10<\/p>\t\t\t\t\t\t\t\t<\/div>\n\t\t\t\t\t<\/div>\n\t\t<\/div>\n\t\t\t\t\t<\/div>\n\t\t<\/section>\n\t\t<div class=\"elementor-element elementor-element-4bf1574 e-con-full e-flex e-con e-parent\" data-id=\"4bf1574\" data-element_type=\"container\" data-e-type=\"container\" data-settings=\"{&quot;jet_parallax_layout_list&quot;:[{&quot;jet_parallax_layout_image&quot;:{&quot;url&quot;:&quot;&quot;,&quot;id&quot;:&quot;&quot;,&quot;size&quot;:&quot;&quot;},&quot;_id&quot;:&quot;f7c4776&quot;,&quot;jet_parallax_layout_image_tablet&quot;:{&quot;url&quot;:&quot;&quot;,&quot;id&quot;:&quot;&quot;,&quot;size&quot;:&quot;&quot;},&quot;jet_parallax_layout_image_mobile&quot;:{&quot;url&quot;:&quot;&quot;,&quot;id&quot;:&quot;&quot;,&quot;size&quot;:&quot;&quot;},&quot;jet_parallax_layout_speed&quot;:{&quot;unit&quot;:&quot;%&quot;,&quot;size&quot;:50,&quot;sizes&quot;:[]},&quot;jet_parallax_layout_type&quot;:&quot;scroll&quot;,&quot;jet_parallax_layout_direction&quot;:&quot;1&quot;,&quot;jet_parallax_layout_fx_direction&quot;:null,&quot;jet_parallax_layout_z_index&quot;:&quot;&quot;,&quot;jet_parallax_layout_bg_x&quot;:50,&quot;jet_parallax_layout_bg_x_tablet&quot;:&quot;&quot;,&quot;jet_parallax_layout_bg_x_mobile&quot;:&quot;&quot;,&quot;jet_parallax_layout_bg_y&quot;:50,&quot;jet_parallax_layout_bg_y_tablet&quot;:&quot;&quot;,&quot;jet_parallax_layout_bg_y_mobile&quot;:&quot;&quot;,&quot;jet_parallax_layout_bg_size&quot;:&quot;auto&quot;,&quot;jet_parallax_layout_bg_size_tablet&quot;:&quot;&quot;,&quot;jet_parallax_layout_bg_size_mobile&quot;:&quot;&quot;,&quot;jet_parallax_layout_animation_prop&quot;:&quot;transform&quot;,&quot;jet_parallax_layout_on&quot;:[&quot;desktop&quot;,&quot;tablet&quot;]}],&quot;_ha_eqh_enable&quot;:&quot;yes&quot;,&quot;_ha_eqh_widget&quot;:[&quot;jet-custom-menu&quot;,&quot;text-editor&quot;],&quot;_ha_eqh_to&quot;:&quot;widget&quot;,&quot;_ha_eqh_disable_on_tablet&quot;:&quot;no&quot;,&quot;_ha_eqh_disable_on_mobile&quot;:&quot;yes&quot;}\">\n\t\t<div class=\"elementor-element elementor-element-13004a4 e-con-full elementor-hidden-tablet elementor-hidden-mobile e-flex e-con e-child\" data-id=\"13004a4\" data-element_type=\"container\" data-e-type=\"container\" data-settings=\"{&quot;jet_parallax_layout_list&quot;:[],&quot;_ha_eqh_enable&quot;:false}\">\n\t\t\t\t<div class=\"elementor-element elementor-element-331b8b6 elementor-widget__width-inherit elementor-widget elementor-widget-jet-custom-menu\" data-id=\"331b8b6\" data-element_type=\"widget\" data-e-type=\"widget\" data-widget_type=\"jet-custom-menu.default\">\n\t\t\t\t<div class=\"elementor-widget-container\">\n\t\t\t\t\t<div class=\"menu-groupe-unterweiler-container\"><div class=\"jet-custom-nav jet-custom-nav--dropdown-right-side jet-custom-nav--animation-fade\" data-trigger=\"hover\"><div class=\"menu-item menu-item-type-post_type menu-item-object-page jet-custom-nav__item jet-custom-nav__item-12666\"><a href=\"https:\/\/spurensuche.museumdurbach.de\/fr\/01-0\/\" class=\"jet-custom-nav__item-link\"><span class=\"jet-menu-link-text\"><span class=\"jet-custom-item-label top-level-label\">01 Weilerm\u00fchle<\/span><\/span><\/a><\/div>\n<div class=\"menu-item menu-item-type-post_type menu-item-object-page jet-custom-nav__item jet-custom-nav__item-12667\"><a href=\"https:\/\/spurensuche.museumdurbach.de\/fr\/02-0\/\" class=\"jet-custom-nav__item-link\"><span class=\"jet-menu-link-text\"><span class=\"jet-custom-item-label top-level-label\">02 Ancien moulin \u00e0 huile<\/span><\/span><\/a><\/div>\n<div class=\"menu-item menu-item-type-post_type menu-item-object-page jet-custom-nav__item jet-custom-nav__item-12668\"><a href=\"https:\/\/spurensuche.museumdurbach.de\/fr\/03-0\/\" class=\"jet-custom-nav__item-link\"><span class=\"jet-menu-link-text\"><span class=\"jet-custom-item-label top-level-label\">03 Ancien moulin \u00e0 pocher<\/span><\/span><\/a><\/div>\n<div class=\"menu-item menu-item-type-post_type menu-item-object-page jet-custom-nav__item jet-custom-nav__item-12669\"><a href=\"https:\/\/spurensuche.museumdurbach.de\/fr\/04-0\/\" class=\"jet-custom-nav__item-link\"><span class=\"jet-menu-link-text\"><span class=\"jet-custom-item-label top-level-label\">04 Ancienne cave de bi\u00e8re<\/span><\/span><\/a><\/div>\n<div class=\"menu-item menu-item-type-post_type menu-item-object-page jet-custom-nav__item jet-custom-nav__item-12670\"><a href=\"https:\/\/spurensuche.museumdurbach.de\/fr\/05-0\/\" class=\"jet-custom-nav__item-link\"><span class=\"jet-menu-link-text\"><span class=\"jet-custom-item-label top-level-label\">05 D\u00e9versoir de B\u00fchlmatt<\/span><\/span><\/a><\/div>\n<div class=\"menu-item menu-item-type-post_type menu-item-object-page jet-custom-nav__item jet-custom-nav__item-12671\"><a href=\"https:\/\/spurensuche.museumdurbach.de\/fr\/06-0\/\" class=\"jet-custom-nav__item-link\"><span class=\"jet-menu-link-text\"><span class=\"jet-custom-item-label top-level-label\">06 Ancienne maison de la mine<\/span><\/span><\/a><\/div>\n<div class=\"menu-item menu-item-type-post_type menu-item-object-page jet-custom-nav__item jet-custom-nav__item-19072\"><a href=\"https:\/\/spurensuche.museumdurbach.de\/fr\/10-0\/\" class=\"jet-custom-nav__item-link\"><span class=\"jet-menu-link-text\"><span class=\"jet-custom-item-label top-level-label\">10 Ancienne synagogue<\/span><\/span><\/a><\/div>\n<\/div><\/div>\t\t\t\t<\/div>\n\t\t\t\t<\/div>\n\t\t\t\t<div class=\"elementor-element elementor-element-0f8f75e elementor-list-item-link-inline elementor-align-center elementor-mobile-align-start elementor-widget__width-inherit elementor-icon-list--layout-traditional ha-has-bg-overlay elementor-widget elementor-widget-icon-list\" data-id=\"0f8f75e\" data-element_type=\"widget\" data-e-type=\"widget\" data-widget_type=\"icon-list.default\">\n\t\t\t\t\t\t\t<ul class=\"elementor-icon-list-items\">\n\t\t\t\t\t\t\t<li class=\"elementor-icon-list-item\">\n\t\t\t\t\t\t\t\t\t\t\t<a href=\"https:\/\/spurensuche.museumdurbach.de\/10-1\/\" target=\"_blank\">\n\n\t\t\t\t\t\t\t\t\t\t\t\t<span class=\"elementor-icon-list-icon\">\n\t\t\t\t\t\t\t<svg aria-hidden=\"true\" class=\"e-font-icon-svg e-fas-qrcode\" viewBox=\"0 0 448 512\" xmlns=\"http:\/\/www.w3.org\/2000\/svg\"><path d=\"M0 224h192V32H0v192zM64 96h64v64H64V96zm192-64v192h192V32H256zm128 128h-64V96h64v64zM0 480h192V288H0v192zm64-128h64v64H64v-64zm352-64h32v128h-96v-32h-32v96h-64V288h96v32h64v-32zm0 160h32v32h-32v-32zm-64 0h32v32h-32v-32z\"><\/path><\/svg>\t\t\t\t\t\t<\/span>\n\t\t\t\t\t\t\t\t\t\t<span class=\"elementor-icon-list-text\">Information additionnelle<\/span>\n\t\t\t\t\t\t\t\t\t\t\t<\/a>\n\t\t\t\t\t\t\t\t\t<\/li>\n\t\t\t\t\t\t<\/ul>\n\t\t\t\t\t\t<\/div>\n\t\t\t\t<\/div>\n\t\t\t\t<div class=\"elementor-element elementor-element-25bdc3a elementor-widget__width-initial elementor-widget elementor-widget-text-editor\" data-id=\"25bdc3a\" data-element_type=\"widget\" data-e-type=\"widget\" data-widget_type=\"text-editor.default\">\n\t\t\t\t\t\t\t\t\t<p>Les Juifs sont mentionn\u00e9s pour la premi\u00e8re fois \u00e0 Durbach en 1627, et il y a 106 r\u00e9sidents juifs en 1801. De 1808 \u00e0 1898, il y avait une communaut\u00e9 isra\u00e9lite avec un conseil communautaire. Cette propri\u00e9t\u00e9 a \u00e9t\u00e9 construite par Joseph Neuburger vers 1807\/1808 comme un immeuble r\u00e9sidentiel de deux \u00e9tages avec une synagogue. La salle de pri\u00e8re avec l&rsquo;\u00e9cole juive \u00e9tait \u00e0 l&rsquo;\u00e9tage sup\u00e9rieur \u00e0 gauche. La propri\u00e9t\u00e9 a \u00e9t\u00e9 vendue en 1900, probablement \u00e0 cause de la faible population juive.    <\/p><p>Depuis 1813, les Juifs de Durbach poss\u00e9daient leur propre cimeti\u00e8re sur l&rsquo;Alm, \u00e0 la fronti\u00e8re avec Ebersweier dans l&rsquo;actuelle Klingelbergstrasse.<\/p><p>Le 22 octobre 1940, les familles Bodenheimer et Strauss sont d\u00e9port\u00e9es au camp de Gurs en France.<\/p>\t\t\t\t\t\t\t\t<\/div>\n\t\t\t\t<div class=\"elementor-element elementor-element-821b58e elementor-widget__width-initial ha-has-bg-overlay elementor-widget elementor-widget-text-editor\" data-id=\"821b58e\" data-element_type=\"widget\" data-e-type=\"widget\" data-widget_type=\"text-editor.default\">\n\t\t\t\t\t\t\t\t\t<p>Jusqu&rsquo;en 1900, la synagogue de Durbach \u00e9tait situ\u00e9e dans cette propri\u00e9t\u00e9 \u00e0 l&rsquo;\u00e9tage sup\u00e9rieur \u00e0 gauche. C&rsquo;\u00e9tait une simple salle de pri\u00e8re avec une \u00e9cole juive attenante. <\/p><p>Durbachers juifs devant la synagogue<br><br><img fetchpriority=\"high\" decoding=\"async\" class=\"size-full wp-image-2933\" src=\"https:\/\/spurensuche.museumdurbach.de\/wp-content\/uploads\/2021\/04\/Juden_11.png\" alt=\"\" width=\"610\" height=\"480\"><\/p><p> <\/p>\t\t\t\t\t\t\t\t<\/div>\n\t\t\t\t<\/div>\n\t\t\t\t<\/div>\n\t\t","protected":false},"excerpt":{"rendered":"<p>Dans le quartier Ancienne synagogue 10 01 Weilerm\u00fchle 02 Ehemalige \u00d6lm\u00fchle 03 Ehemalige Pochm\u00fchle 04 Ehemaliger Bierkeller 05 B\u00fchlmattwehr 06 Ehemaliges Bergwerkshaus 10 Ehemalige Synagoge Information additionnelle Les Juifs sont mentionn\u00e9s pour la premi\u00e8re fois \u00e0 Durbach en 1627, et il y a 106 r\u00e9sidents juifs en 1801. De 1808 \u00e0 1898, il y avait [&hellip;]<\/p>\n","protected":false},"author":2,"featured_media":0,"parent":0,"menu_order":0,"comment_status":"closed","ping_status":"closed","template":"full-width.php","meta":{"_acf_changed":false,"ngg_post_thumbnail":0,"footnotes":""},"categories":[],"tags":[],"class_list":["post-10626","page","type-page","status-publish","hentry"],"acf":[],"_links":{"self":[{"href":"https:\/\/spurensuche.museumdurbach.de\/fr\/wp-json\/wp\/v2\/pages\/10626","targetHints":{"allow":["GET"]}}],"collection":[{"href":"https:\/\/spurensuche.museumdurbach.de\/fr\/wp-json\/wp\/v2\/pages"}],"about":[{"href":"https:\/\/spurensuche.museumdurbach.de\/fr\/wp-json\/wp\/v2\/types\/page"}],"author":[{"embeddable":true,"href":"https:\/\/spurensuche.museumdurbach.de\/fr\/wp-json\/wp\/v2\/users\/2"}],"replies":[{"embeddable":true,"href":"https:\/\/spurensuche.museumdurbach.de\/fr\/wp-json\/wp\/v2\/comments?post=10626"}],"version-history":[{"count":6,"href":"https:\/\/spurensuche.museumdurbach.de\/fr\/wp-json\/wp\/v2\/pages\/10626\/revisions"}],"predecessor-version":[{"id":19600,"href":"https:\/\/spurensuche.museumdurbach.de\/fr\/wp-json\/wp\/v2\/pages\/10626\/revisions\/19600"}],"wp:attachment":[{"href":"https:\/\/spurensuche.museumdurbach.de\/fr\/wp-json\/wp\/v2\/media?parent=10626"}],"wp:term":[{"taxonomy":"category","embeddable":true,"href":"https:\/\/spurensuche.museumdurbach.de\/fr\/wp-json\/wp\/v2\/categories?post=10626"},{"taxonomy":"post_tag","embeddable":true,"href":"https:\/\/spurensuche.museumdurbach.de\/fr\/wp-json\/wp\/v2\/tags?post=10626"}],"curies":[{"name":"wp","href":"https:\/\/api.w.org\/{rel}","templated":true}]}}