{"id":10955,"date":"2021-12-11T20:32:22","date_gmt":"2021-12-11T19:32:22","guid":{"rendered":"https:\/\/spurensuche.museumdurbach.de\/index.php\/17-mairie\/"},"modified":"2026-04-23T10:44:35","modified_gmt":"2026-04-23T08:44:35","slug":"17-0","status":"publish","type":"page","link":"https:\/\/spurensuche.museumdurbach.de\/fr\/17-0\/","title":{"rendered":"17 Mairie"},"content":{"rendered":"\t\t<div data-elementor-type=\"wp-page\" data-elementor-id=\"10955\" class=\"elementor elementor-10955 elementor-2154\" data-elementor-settings=\"{&quot;ha_cmc_init_switcher&quot;:&quot;no&quot;}\">\n\t\t\t\t\t\t<section class=\"elementor-section elementor-top-section elementor-element elementor-element-878e250 elementor-section-full_width elementor-section-height-default elementor-section-height-default\" data-id=\"878e250\" data-element_type=\"section\" data-e-type=\"section\" data-settings=\"{&quot;jet_parallax_layout_list&quot;:[{&quot;jet_parallax_layout_image&quot;:{&quot;url&quot;:&quot;&quot;,&quot;id&quot;:&quot;&quot;,&quot;size&quot;:&quot;&quot;},&quot;_id&quot;:&quot;ebeff0f&quot;,&quot;jet_parallax_layout_image_tablet&quot;:{&quot;url&quot;:&quot;&quot;,&quot;id&quot;:&quot;&quot;,&quot;size&quot;:&quot;&quot;},&quot;jet_parallax_layout_image_mobile&quot;:{&quot;url&quot;:&quot;&quot;,&quot;id&quot;:&quot;&quot;,&quot;size&quot;:&quot;&quot;},&quot;jet_parallax_layout_speed&quot;:{&quot;unit&quot;:&quot;%&quot;,&quot;size&quot;:50,&quot;sizes&quot;:[]},&quot;jet_parallax_layout_type&quot;:&quot;scroll&quot;,&quot;jet_parallax_layout_direction&quot;:&quot;1&quot;,&quot;jet_parallax_layout_fx_direction&quot;:null,&quot;jet_parallax_layout_z_index&quot;:&quot;&quot;,&quot;jet_parallax_layout_bg_x&quot;:50,&quot;jet_parallax_layout_bg_x_tablet&quot;:&quot;&quot;,&quot;jet_parallax_layout_bg_x_mobile&quot;:&quot;&quot;,&quot;jet_parallax_layout_bg_y&quot;:50,&quot;jet_parallax_layout_bg_y_tablet&quot;:&quot;&quot;,&quot;jet_parallax_layout_bg_y_mobile&quot;:&quot;&quot;,&quot;jet_parallax_layout_bg_size&quot;:&quot;auto&quot;,&quot;jet_parallax_layout_bg_size_tablet&quot;:&quot;&quot;,&quot;jet_parallax_layout_bg_size_mobile&quot;:&quot;&quot;,&quot;jet_parallax_layout_animation_prop&quot;:&quot;transform&quot;,&quot;jet_parallax_layout_on&quot;:[&quot;desktop&quot;,&quot;tablet&quot;]}],&quot;background_background&quot;:&quot;classic&quot;,&quot;_ha_eqh_enable&quot;:false}\">\n\t\t\t\t\t\t<div class=\"elementor-container elementor-column-gap-default\">\n\t\t\t\t\t<div class=\"elementor-column elementor-col-33 elementor-top-column elementor-element elementor-element-da87407 elementor-hidden-mobile elementor-hidden-tablet\" data-id=\"da87407\" data-element_type=\"column\" data-e-type=\"column\">\n\t\t\t<div class=\"elementor-widget-wrap elementor-element-populated\">\n\t\t\t\t\t\t<div class=\"elementor-element elementor-element-2ac635c elementor-align-start elementor-icon-list--layout-traditional elementor-list-item-link-full_width ha-has-bg-overlay elementor-widget elementor-widget-icon-list\" data-id=\"2ac635c\" data-element_type=\"widget\" data-e-type=\"widget\" data-widget_type=\"icon-list.default\">\n\t\t\t\t\t\t\t<ul class=\"elementor-icon-list-items\">\n\t\t\t\t\t\t\t<li class=\"elementor-icon-list-item\">\n\t\t\t\t\t\t\t\t\t\t<span class=\"elementor-icon-list-text\">Dans le quartier<\/span>\n\t\t\t\t\t\t\t\t\t<\/li>\n\t\t\t\t\t\t<\/ul>\n\t\t\t\t\t\t<\/div>\n\t\t\t\t\t<\/div>\n\t\t<\/div>\n\t\t\t\t<div class=\"elementor-column elementor-col-66 elementor-top-column elementor-element elementor-element-e420f34\" data-id=\"e420f34\" data-element_type=\"column\" data-e-type=\"column\">\n\t\t\t<div class=\"elementor-widget-wrap elementor-element-populated\">\n\t\t\t\t\t\t<div class=\"elementor-element elementor-element-449cdd1 ha-has-bg-overlay elementor-widget elementor-widget-text-editor\" data-id=\"449cdd1\" data-element_type=\"widget\" data-e-type=\"widget\" data-widget_type=\"text-editor.default\">\n\t\t\t\t\t\t\t\t\t<p>Mairie 17<\/p>\t\t\t\t\t\t\t\t<\/div>\n\t\t\t\t\t<\/div>\n\t\t<\/div>\n\t\t\t\t\t<\/div>\n\t\t<\/section>\n\t\t<div class=\"elementor-element elementor-element-8a67356 e-con-full e-flex e-con e-parent\" data-id=\"8a67356\" data-element_type=\"container\" data-e-type=\"container\" data-settings=\"{&quot;jet_parallax_layout_list&quot;:[{&quot;jet_parallax_layout_image&quot;:{&quot;url&quot;:&quot;&quot;,&quot;id&quot;:&quot;&quot;,&quot;size&quot;:&quot;&quot;},&quot;_id&quot;:&quot;f7c4776&quot;,&quot;jet_parallax_layout_image_tablet&quot;:{&quot;url&quot;:&quot;&quot;,&quot;id&quot;:&quot;&quot;,&quot;size&quot;:&quot;&quot;},&quot;jet_parallax_layout_image_mobile&quot;:{&quot;url&quot;:&quot;&quot;,&quot;id&quot;:&quot;&quot;,&quot;size&quot;:&quot;&quot;},&quot;jet_parallax_layout_speed&quot;:{&quot;unit&quot;:&quot;%&quot;,&quot;size&quot;:50,&quot;sizes&quot;:[]},&quot;jet_parallax_layout_type&quot;:&quot;scroll&quot;,&quot;jet_parallax_layout_direction&quot;:&quot;1&quot;,&quot;jet_parallax_layout_fx_direction&quot;:null,&quot;jet_parallax_layout_z_index&quot;:&quot;&quot;,&quot;jet_parallax_layout_bg_x&quot;:50,&quot;jet_parallax_layout_bg_x_tablet&quot;:&quot;&quot;,&quot;jet_parallax_layout_bg_x_mobile&quot;:&quot;&quot;,&quot;jet_parallax_layout_bg_y&quot;:50,&quot;jet_parallax_layout_bg_y_tablet&quot;:&quot;&quot;,&quot;jet_parallax_layout_bg_y_mobile&quot;:&quot;&quot;,&quot;jet_parallax_layout_bg_size&quot;:&quot;auto&quot;,&quot;jet_parallax_layout_bg_size_tablet&quot;:&quot;&quot;,&quot;jet_parallax_layout_bg_size_mobile&quot;:&quot;&quot;,&quot;jet_parallax_layout_animation_prop&quot;:&quot;transform&quot;,&quot;jet_parallax_layout_on&quot;:[&quot;desktop&quot;,&quot;tablet&quot;]}],&quot;_ha_eqh_enable&quot;:&quot;yes&quot;,&quot;_ha_eqh_widget&quot;:[&quot;jet-custom-menu&quot;,&quot;text-editor&quot;],&quot;_ha_eqh_to&quot;:&quot;widget&quot;,&quot;_ha_eqh_disable_on_tablet&quot;:&quot;no&quot;,&quot;_ha_eqh_disable_on_mobile&quot;:&quot;yes&quot;}\">\n\t\t<div class=\"elementor-element elementor-element-54dc97c e-con-full elementor-hidden-tablet elementor-hidden-mobile e-flex e-con e-child\" data-id=\"54dc97c\" data-element_type=\"container\" data-e-type=\"container\" data-settings=\"{&quot;jet_parallax_layout_list&quot;:[],&quot;_ha_eqh_enable&quot;:false}\">\n\t\t\t\t<div class=\"elementor-element elementor-element-40a4830 elementor-widget__width-inherit elementor-widget elementor-widget-jet-custom-menu\" data-id=\"40a4830\" data-element_type=\"widget\" data-e-type=\"widget\" data-widget_type=\"jet-custom-menu.default\">\n\t\t\t\t<div class=\"elementor-widget-container\">\n\t\t\t\t\t<div class=\"menu-groupe-grohl-container\"><div class=\"jet-custom-nav jet-custom-nav--dropdown-right-side jet-custom-nav--animation-fade\" data-trigger=\"hover\"><div class=\"menu-item menu-item-type-post_type menu-item-object-page jet-custom-nav__item jet-custom-nav__item-12650\"><a href=\"https:\/\/spurensuche.museumdurbach.de\/fr\/11-0\/\" class=\"jet-custom-nav__item-link\"><span class=\"jet-menu-link-text\"><span class=\"jet-custom-item-label top-level-label\">11 Ancien ch\u00e2teau Grohl<\/span><\/span><\/a><\/div>\n<div class=\"menu-item menu-item-type-post_type menu-item-object-page jet-custom-nav__item jet-custom-nav__item-12651\"><a href=\"https:\/\/spurensuche.museumdurbach.de\/fr\/12-0\/\" class=\"jet-custom-nav__item-link\"><span class=\"jet-menu-link-text\"><span class=\"jet-custom-item-label top-level-label\">12 \u00c9glise Saint-Heinrich<\/span><\/span><\/a><\/div>\n<div class=\"menu-item menu-item-type-post_type menu-item-object-page jet-custom-nav__item jet-custom-nav__item-12652\"><a href=\"https:\/\/spurensuche.museumdurbach.de\/fr\/13-0\/\" class=\"jet-custom-nav__item-link\"><span class=\"jet-menu-link-text\"><span class=\"jet-custom-item-label top-level-label\">13 Groupe de crucifixion \u00e0 Grohl<\/span><\/span><\/a><\/div>\n<div class=\"menu-item menu-item-type-post_type menu-item-object-page jet-custom-nav__item jet-custom-nav__item-12653\"><a href=\"https:\/\/spurensuche.museumdurbach.de\/fr\/14-0\/\" class=\"jet-custom-nav__item-link\"><span class=\"jet-menu-link-text\"><span class=\"jet-custom-item-label top-level-label\">14 Cave et ch\u00e2teau de Neveu<\/span><\/span><\/a><\/div>\n<div class=\"menu-item menu-item-type-post_type menu-item-object-page jet-custom-nav__item jet-custom-nav__item-12654\"><a href=\"https:\/\/spurensuche.museumdurbach.de\/fr\/15-0\/\" class=\"jet-custom-nav__item-link\"><span class=\"jet-menu-link-text\"><span class=\"jet-custom-item-label top-level-label\">15 Anciennes teinturerie Plank<\/span><\/span><\/a><\/div>\n<div class=\"menu-item menu-item-type-post_type menu-item-object-page jet-custom-nav__item jet-custom-nav__item-12655\"><a href=\"https:\/\/spurensuche.museumdurbach.de\/fr\/16-0\/\" class=\"jet-custom-nav__item-link\"><span class=\"jet-menu-link-text\"><span class=\"jet-custom-item-label top-level-label\">16 Gasthaus zum Ritter<\/span><\/span><\/a><\/div>\n<div class=\"menu-item menu-item-type-post_type menu-item-object-page jet-custom-nav__item jet-custom-nav__item-12656\"><a href=\"https:\/\/spurensuche.museumdurbach.de\/fr\/17-0\/\" class=\"jet-custom-nav__item-link\"><span class=\"jet-menu-link-text\"><span class=\"jet-custom-item-label top-level-label\">17 Mairie<\/span><\/span><\/a><\/div>\n<div class=\"menu-item menu-item-type-post_type menu-item-object-page jet-custom-nav__item jet-custom-nav__item-12657\"><a href=\"https:\/\/spurensuche.museumdurbach.de\/fr\/18-0\/\" class=\"jet-custom-nav__item-link\"><span class=\"jet-menu-link-text\"><span class=\"jet-custom-item-label top-level-label\">18 Ancien. B\u00e4ren \/ Bad Staufenberg<\/span><\/span><\/a><\/div>\n<\/div><\/div>\t\t\t\t<\/div>\n\t\t\t\t<\/div>\n\t\t\t\t<div class=\"elementor-element elementor-element-2d16fc7 elementor-list-item-link-inline elementor-align-center elementor-mobile-align-start elementor-widget__width-inherit elementor-icon-list--layout-traditional ha-has-bg-overlay elementor-widget elementor-widget-icon-list\" data-id=\"2d16fc7\" data-element_type=\"widget\" data-e-type=\"widget\" data-widget_type=\"icon-list.default\">\n\t\t\t\t\t\t\t<ul class=\"elementor-icon-list-items\">\n\t\t\t\t\t\t\t<li class=\"elementor-icon-list-item\">\n\t\t\t\t\t\t\t\t\t\t\t<a href=\"https:\/\/spurensuche.museumdurbach.de\/17-1\/\" target=\"_blank\">\n\n\t\t\t\t\t\t\t\t\t\t\t\t<span class=\"elementor-icon-list-icon\">\n\t\t\t\t\t\t\t<svg aria-hidden=\"true\" class=\"e-font-icon-svg e-fas-qrcode\" viewBox=\"0 0 448 512\" xmlns=\"http:\/\/www.w3.org\/2000\/svg\"><path d=\"M0 224h192V32H0v192zM64 96h64v64H64V96zm192-64v192h192V32H256zm128 128h-64V96h64v64zM0 480h192V288H0v192zm64-128h64v64H64v-64zm352-64h32v128h-96v-32h-32v96h-64V288h96v32h64v-32zm0 160h32v32h-32v-32zm-64 0h32v32h-32v-32z\"><\/path><\/svg>\t\t\t\t\t\t<\/span>\n\t\t\t\t\t\t\t\t\t\t<span class=\"elementor-icon-list-text\">Information additionnelle<\/span>\n\t\t\t\t\t\t\t\t\t\t\t<\/a>\n\t\t\t\t\t\t\t\t\t<\/li>\n\t\t\t\t\t\t<\/ul>\n\t\t\t\t\t\t<\/div>\n\t\t\t\t<\/div>\n\t\t\t\t<div class=\"elementor-element elementor-element-06a1dc1 elementor-widget__width-initial elementor-widget elementor-widget-text-editor\" data-id=\"06a1dc1\" data-element_type=\"widget\" data-e-type=\"widget\" data-widget_type=\"text-editor.default\">\n\t\t\t\t\t\t\t\t\t<p>Faisant partie de l&rsquo;ancien \u00e9tablissement baln\u00e9aire \u00ab zum Staufenberg \u00bb, le b\u00e2timent a \u00e9t\u00e9 acquis par la commune en 1847. L&rsquo;administration a \u00e9t\u00e9 d\u00e9plac\u00e9e ici de l&rsquo;ancienne mairie par l&rsquo;\u00e9glise. La congr\u00e9gation, compos\u00e9e de trois \u00abpersonnels\u00bb, a rapidement eu besoin de plus de locaux pour l&rsquo;administration grandissante, c&rsquo;est pourquoi un nouveau b\u00e2timent a \u00e9t\u00e9 construit en 1906. L&rsquo;ancienne mairie a \u00e9t\u00e9 ras\u00e9e. Seuls quelques vestiges du mur ont \u00e9t\u00e9 conserv\u00e9s dans le b\u00e2timent \u00e0 ce jour.    <\/p><p>Au rez-de-chauss\u00e9e se trouvaient le bureau et la salle du conseil, le cadastre et les archives ainsi que l&rsquo;association caisse d&rsquo;\u00e9pargne Durbach \/ Ebersweier \/ Nesselried. Les \u00e9tages sup\u00e9rieurs et le grenier abritaient les appartements des enseignants et la salle communautaire. <\/p><p>Depuis la cr\u00e9ation de la soci\u00e9t\u00e9 Ebersweier en 1973, les pi\u00e8ces de l&rsquo;\u00e9tage sup\u00e9rieur ont \u00e9galement \u00e9t\u00e9 utilis\u00e9es \u00e0 des fins administratives.<\/p>\t\t\t\t\t\t\t\t<\/div>\n\t\t\t\t<div class=\"elementor-element elementor-element-5f92bed elementor-widget__width-initial ha-has-bg-overlay elementor-widget elementor-widget-text-editor\" data-id=\"5f92bed\" data-element_type=\"widget\" data-e-type=\"widget\" data-widget_type=\"text-editor.default\">\n\t\t\t\t\t\t\t\t\t<p>De 1876 jusqu&rsquo;aux alentours de 1960, le corps de garde du poste de police local, avec deux cellules individuelles, \u00e9tait install\u00e9 dans l&rsquo;extension lat\u00e9rale.<\/p><p>L&rsquo;h\u00f4tel de ville est actuellement en r\u00e9novation (2026-2028).<\/p><p>H\u00f4tel de ville vers 1925<\/p><p><img fetchpriority=\"high\" decoding=\"async\" class=\"size-medium wp-image-2493\" src=\"https:\/\/spurensuche.museumdurbach.de\/wp-content\/uploads\/2021\/04\/Rathaus-300x227.jpg\" alt=\"\" width=\"616\" height=\"466\" srcset=\"https:\/\/spurensuche.museumdurbach.de\/wp-content\/uploads\/2021\/04\/Rathaus-300x227.jpg 300w, https:\/\/spurensuche.museumdurbach.de\/wp-content\/uploads\/2021\/04\/Rathaus-768x582.jpg 768w, https:\/\/spurensuche.museumdurbach.de\/wp-content\/uploads\/2021\/04\/Rathaus.jpg 1014w\" sizes=\"(max-width: 616px) 100vw, 616px\" \/><\/p>\t\t\t\t\t\t\t\t<\/div>\n\t\t\t\t<\/div>\n\t\t\t\t<section class=\"elementor-section elementor-top-section elementor-element elementor-element-fadca05 elementor-section-full_width elementor-hidden-desktop elementor-section-height-default elementor-section-height-default\" data-id=\"fadca05\" data-element_type=\"section\" data-e-type=\"section\" data-settings=\"{&quot;jet_parallax_layout_list&quot;:[{&quot;jet_parallax_layout_image&quot;:{&quot;url&quot;:&quot;&quot;,&quot;id&quot;:&quot;&quot;,&quot;size&quot;:&quot;&quot;},&quot;_id&quot;:&quot;c6e6e54&quot;,&quot;jet_parallax_layout_image_tablet&quot;:{&quot;url&quot;:&quot;&quot;,&quot;id&quot;:&quot;&quot;,&quot;size&quot;:&quot;&quot;},&quot;jet_parallax_layout_image_mobile&quot;:{&quot;url&quot;:&quot;&quot;,&quot;id&quot;:&quot;&quot;,&quot;size&quot;:&quot;&quot;},&quot;jet_parallax_layout_speed&quot;:{&quot;unit&quot;:&quot;%&quot;,&quot;size&quot;:50,&quot;sizes&quot;:[]},&quot;jet_parallax_layout_type&quot;:&quot;scroll&quot;,&quot;jet_parallax_layout_direction&quot;:&quot;1&quot;,&quot;jet_parallax_layout_fx_direction&quot;:null,&quot;jet_parallax_layout_z_index&quot;:&quot;&quot;,&quot;jet_parallax_layout_bg_x&quot;:50,&quot;jet_parallax_layout_bg_x_tablet&quot;:&quot;&quot;,&quot;jet_parallax_layout_bg_x_mobile&quot;:&quot;&quot;,&quot;jet_parallax_layout_bg_y&quot;:50,&quot;jet_parallax_layout_bg_y_tablet&quot;:&quot;&quot;,&quot;jet_parallax_layout_bg_y_mobile&quot;:&quot;&quot;,&quot;jet_parallax_layout_bg_size&quot;:&quot;auto&quot;,&quot;jet_parallax_layout_bg_size_tablet&quot;:&quot;&quot;,&quot;jet_parallax_layout_bg_size_mobile&quot;:&quot;&quot;,&quot;jet_parallax_layout_animation_prop&quot;:&quot;transform&quot;,&quot;jet_parallax_layout_on&quot;:[&quot;desktop&quot;,&quot;tablet&quot;]}],&quot;_ha_eqh_enable&quot;:&quot;yes&quot;,&quot;_ha_eqh_widget&quot;:[&quot;icon-list&quot;],&quot;_ha_eqh_to&quot;:&quot;widget&quot;,&quot;_ha_eqh_disable_on_tablet&quot;:&quot;no&quot;,&quot;_ha_eqh_disable_on_mobile&quot;:&quot;yes&quot;}\">\n\t\t\t\t\t\t<div class=\"elementor-container elementor-column-gap-default\">\n\t\t\t\t\t<div class=\"elementor-column elementor-col-100 elementor-top-column elementor-element elementor-element-eaa3bf4\" data-id=\"eaa3bf4\" data-element_type=\"column\" data-e-type=\"column\">\n\t\t\t<div class=\"elementor-widget-wrap elementor-element-populated\">\n\t\t\t\t\t\t<div class=\"elementor-element elementor-element-d998eaa elementor-list-item-link-inline elementor-align-start elementor-tablet-align-start elementor-mobile-align-start elementor-icon-list--layout-traditional ha-has-bg-overlay elementor-widget elementor-widget-icon-list\" data-id=\"d998eaa\" data-element_type=\"widget\" data-e-type=\"widget\" data-widget_type=\"icon-list.default\">\n\t\t\t\t\t\t\t<ul class=\"elementor-icon-list-items\">\n\t\t\t\t\t\t\t<li class=\"elementor-icon-list-item\">\n\t\t\t\t\t\t\t\t\t\t\t<a href=\"https:\/\/spurensuche.museumdurbach.de\/17-1\/\" target=\"_blank\">\n\n\t\t\t\t\t\t\t\t\t\t\t\t<span class=\"elementor-icon-list-icon\">\n\t\t\t\t\t\t\t<svg aria-hidden=\"true\" class=\"e-font-icon-svg e-fas-qrcode\" viewBox=\"0 0 448 512\" xmlns=\"http:\/\/www.w3.org\/2000\/svg\"><path d=\"M0 224h192V32H0v192zM64 96h64v64H64V96zm192-64v192h192V32H256zm128 128h-64V96h64v64zM0 480h192V288H0v192zm64-128h64v64H64v-64zm352-64h32v128h-96v-32h-32v96h-64V288h96v32h64v-32zm0 160h32v32h-32v-32zm-64 0h32v32h-32v-32z\"><\/path><\/svg>\t\t\t\t\t\t<\/span>\n\t\t\t\t\t\t\t\t\t\t<span class=\"elementor-icon-list-text\">Information additionnelle<\/span>\n\t\t\t\t\t\t\t\t\t\t\t<\/a>\n\t\t\t\t\t\t\t\t\t<\/li>\n\t\t\t\t\t\t<\/ul>\n\t\t\t\t\t\t<\/div>\n\t\t\t\t\t<\/div>\n\t\t<\/div>\n\t\t\t\t\t<\/div>\n\t\t<\/section>\n\t\t\t\t<section class=\"elementor-section elementor-top-section elementor-element elementor-element-d416fb0 elementor-section-full_width elementor-section-height-default elementor-section-height-default\" data-id=\"d416fb0\" data-element_type=\"section\" data-e-type=\"section\" data-settings=\"{&quot;jet_parallax_layout_list&quot;:[{&quot;jet_parallax_layout_image&quot;:{&quot;url&quot;:&quot;&quot;,&quot;id&quot;:&quot;&quot;,&quot;size&quot;:&quot;&quot;},&quot;_id&quot;:&quot;6203778&quot;,&quot;jet_parallax_layout_image_tablet&quot;:{&quot;url&quot;:&quot;&quot;,&quot;id&quot;:&quot;&quot;,&quot;size&quot;:&quot;&quot;},&quot;jet_parallax_layout_image_mobile&quot;:{&quot;url&quot;:&quot;&quot;,&quot;id&quot;:&quot;&quot;,&quot;size&quot;:&quot;&quot;},&quot;jet_parallax_layout_speed&quot;:{&quot;unit&quot;:&quot;%&quot;,&quot;size&quot;:50,&quot;sizes&quot;:[]},&quot;jet_parallax_layout_type&quot;:&quot;scroll&quot;,&quot;jet_parallax_layout_direction&quot;:&quot;1&quot;,&quot;jet_parallax_layout_fx_direction&quot;:null,&quot;jet_parallax_layout_z_index&quot;:&quot;&quot;,&quot;jet_parallax_layout_bg_x&quot;:50,&quot;jet_parallax_layout_bg_x_tablet&quot;:&quot;&quot;,&quot;jet_parallax_layout_bg_x_mobile&quot;:&quot;&quot;,&quot;jet_parallax_layout_bg_y&quot;:50,&quot;jet_parallax_layout_bg_y_tablet&quot;:&quot;&quot;,&quot;jet_parallax_layout_bg_y_mobile&quot;:&quot;&quot;,&quot;jet_parallax_layout_bg_size&quot;:&quot;auto&quot;,&quot;jet_parallax_layout_bg_size_tablet&quot;:&quot;&quot;,&quot;jet_parallax_layout_bg_size_mobile&quot;:&quot;&quot;,&quot;jet_parallax_layout_animation_prop&quot;:&quot;transform&quot;,&quot;jet_parallax_layout_on&quot;:[&quot;desktop&quot;,&quot;tablet&quot;]}],&quot;_ha_eqh_enable&quot;:false}\">\n\t\t\t\t\t\t<div class=\"elementor-container elementor-column-gap-default\">\n\t\t\t\t\t<div class=\"elementor-column elementor-col-100 elementor-top-column elementor-element elementor-element-722e5e3\" data-id=\"722e5e3\" data-element_type=\"column\" data-e-type=\"column\">\n\t\t\t<div class=\"elementor-widget-wrap elementor-element-populated\">\n\t\t\t\t\t\t<div class=\"elementor-element elementor-element-3a0d5ad elementor-widget elementor-widget-google_maps\" data-id=\"3a0d5ad\" data-element_type=\"widget\" data-e-type=\"widget\" data-widget_type=\"google_maps.default\">\n\t\t\t\t\t\t\t<div class=\"elementor-custom-embed\">\n\t\t\t<iframe loading=\"lazy\"\n\t\t\t\t\tsrc=\"https:\/\/www.google.com\/maps\/embed\/v1\/place?key=AIzaSyCXEZg4aQR__RV_skBQ9-WtRNqg35TBoN8&#038;q=Deutschland%2C%20Tal%205%2C%2077770%20Durbach&#038;zoom=15\"\n\t\t\t\t\ttitle=\"Deutschland, Tal 5, 77770 Durbach\"\n\t\t\t\t\taria-label=\"Deutschland, Tal 5, 77770 Durbach\"\n\t\t\t><\/iframe>\n\t\t<\/div>\n\t\t\t\t\t\t<\/div>\n\t\t\t\t\t<\/div>\n\t\t<\/div>\n\t\t\t\t\t<\/div>\n\t\t<\/section>\n\t\t\t\t<\/div>\n\t\t","protected":false},"excerpt":{"rendered":"<p>Dans le quartier Mairie 17 11 Ehemaliges Schloss Grohl 12 Kirche St. Heinrich 13 Kreuzigungsgruppe am Grohl 14 Weingut und Schloss von Neveu 15 Ehemalige F\u00e4rberei Plank 16 Gasthaus zum Ritter 17 Rathaus 18 Ehem. Bad Staufenberg \/ zum B\u00e4ren Information additionnelle Faisant partie de l&rsquo;ancien \u00e9tablissement baln\u00e9aire \u00ab zum Staufenberg \u00bb, le b\u00e2timent a [&hellip;]<\/p>\n","protected":false},"author":2,"featured_media":0,"parent":0,"menu_order":0,"comment_status":"closed","ping_status":"closed","template":"full-width.php","meta":{"_acf_changed":false,"ngg_post_thumbnail":0,"footnotes":""},"categories":[],"tags":[],"class_list":["post-10955","page","type-page","status-publish","hentry"],"acf":[],"_links":{"self":[{"href":"https:\/\/spurensuche.museumdurbach.de\/fr\/wp-json\/wp\/v2\/pages\/10955","targetHints":{"allow":["GET"]}}],"collection":[{"href":"https:\/\/spurensuche.museumdurbach.de\/fr\/wp-json\/wp\/v2\/pages"}],"about":[{"href":"https:\/\/spurensuche.museumdurbach.de\/fr\/wp-json\/wp\/v2\/types\/page"}],"author":[{"embeddable":true,"href":"https:\/\/spurensuche.museumdurbach.de\/fr\/wp-json\/wp\/v2\/users\/2"}],"replies":[{"embeddable":true,"href":"https:\/\/spurensuche.museumdurbach.de\/fr\/wp-json\/wp\/v2\/comments?post=10955"}],"version-history":[{"count":6,"href":"https:\/\/spurensuche.museumdurbach.de\/fr\/wp-json\/wp\/v2\/pages\/10955\/revisions"}],"predecessor-version":[{"id":19941,"href":"https:\/\/spurensuche.museumdurbach.de\/fr\/wp-json\/wp\/v2\/pages\/10955\/revisions\/19941"}],"wp:attachment":[{"href":"https:\/\/spurensuche.museumdurbach.de\/fr\/wp-json\/wp\/v2\/media?parent=10955"}],"wp:term":[{"taxonomy":"category","embeddable":true,"href":"https:\/\/spurensuche.museumdurbach.de\/fr\/wp-json\/wp\/v2\/categories?post=10955"},{"taxonomy":"post_tag","embeddable":true,"href":"https:\/\/spurensuche.museumdurbach.de\/fr\/wp-json\/wp\/v2\/tags?post=10955"}],"curies":[{"name":"wp","href":"https:\/\/api.w.org\/{rel}","templated":true}]}}