{"id":10963,"date":"2021-12-11T20:39:33","date_gmt":"2021-12-11T19:39:33","guid":{"rendered":"https:\/\/spurensuche.museumdurbach.de\/index.php\/20-ancien-gasthaus-deutscher-kaiser\/"},"modified":"2026-04-23T10:53:13","modified_gmt":"2026-04-23T08:53:13","slug":"20-0","status":"publish","type":"page","link":"https:\/\/spurensuche.museumdurbach.de\/fr\/20-0\/","title":{"rendered":"20 Ancien Gasthaus Deutscher Kaiser"},"content":{"rendered":"\t\t<div data-elementor-type=\"wp-page\" data-elementor-id=\"10963\" class=\"elementor elementor-10963 elementor-2169\" data-elementor-settings=\"{&quot;ha_cmc_init_switcher&quot;:&quot;no&quot;}\">\n\t\t\t\t\t\t<section class=\"elementor-section elementor-top-section elementor-element elementor-element-ffa16b7 elementor-section-full_width elementor-section-height-default elementor-section-height-default\" data-id=\"ffa16b7\" data-element_type=\"section\" data-e-type=\"section\" data-settings=\"{&quot;jet_parallax_layout_list&quot;:[{&quot;jet_parallax_layout_image&quot;:{&quot;url&quot;:&quot;&quot;,&quot;id&quot;:&quot;&quot;,&quot;size&quot;:&quot;&quot;},&quot;_id&quot;:&quot;ebeff0f&quot;,&quot;jet_parallax_layout_image_tablet&quot;:{&quot;url&quot;:&quot;&quot;,&quot;id&quot;:&quot;&quot;,&quot;size&quot;:&quot;&quot;},&quot;jet_parallax_layout_image_mobile&quot;:{&quot;url&quot;:&quot;&quot;,&quot;id&quot;:&quot;&quot;,&quot;size&quot;:&quot;&quot;},&quot;jet_parallax_layout_speed&quot;:{&quot;unit&quot;:&quot;%&quot;,&quot;size&quot;:50,&quot;sizes&quot;:[]},&quot;jet_parallax_layout_type&quot;:&quot;scroll&quot;,&quot;jet_parallax_layout_direction&quot;:&quot;1&quot;,&quot;jet_parallax_layout_fx_direction&quot;:null,&quot;jet_parallax_layout_z_index&quot;:&quot;&quot;,&quot;jet_parallax_layout_bg_x&quot;:50,&quot;jet_parallax_layout_bg_x_tablet&quot;:&quot;&quot;,&quot;jet_parallax_layout_bg_x_mobile&quot;:&quot;&quot;,&quot;jet_parallax_layout_bg_y&quot;:50,&quot;jet_parallax_layout_bg_y_tablet&quot;:&quot;&quot;,&quot;jet_parallax_layout_bg_y_mobile&quot;:&quot;&quot;,&quot;jet_parallax_layout_bg_size&quot;:&quot;auto&quot;,&quot;jet_parallax_layout_bg_size_tablet&quot;:&quot;&quot;,&quot;jet_parallax_layout_bg_size_mobile&quot;:&quot;&quot;,&quot;jet_parallax_layout_animation_prop&quot;:&quot;transform&quot;,&quot;jet_parallax_layout_on&quot;:[&quot;desktop&quot;,&quot;tablet&quot;]}],&quot;background_background&quot;:&quot;classic&quot;,&quot;_ha_eqh_enable&quot;:false}\">\n\t\t\t\t\t\t<div class=\"elementor-container elementor-column-gap-default\">\n\t\t\t\t\t<div class=\"elementor-column elementor-col-33 elementor-top-column elementor-element elementor-element-f56c7f0 elementor-hidden-mobile elementor-hidden-tablet\" data-id=\"f56c7f0\" data-element_type=\"column\" data-e-type=\"column\">\n\t\t\t<div class=\"elementor-widget-wrap elementor-element-populated\">\n\t\t\t\t\t\t<div class=\"elementor-element elementor-element-210b9f5 elementor-align-start elementor-icon-list--layout-traditional elementor-list-item-link-full_width ha-has-bg-overlay elementor-widget elementor-widget-icon-list\" data-id=\"210b9f5\" data-element_type=\"widget\" data-e-type=\"widget\" data-widget_type=\"icon-list.default\">\n\t\t\t\t\t\t\t<ul class=\"elementor-icon-list-items\">\n\t\t\t\t\t\t\t<li class=\"elementor-icon-list-item\">\n\t\t\t\t\t\t\t\t\t\t<span class=\"elementor-icon-list-text\">Dans le quartier<\/span>\n\t\t\t\t\t\t\t\t\t<\/li>\n\t\t\t\t\t\t<\/ul>\n\t\t\t\t\t\t<\/div>\n\t\t\t\t\t<\/div>\n\t\t<\/div>\n\t\t\t\t<div class=\"elementor-column elementor-col-66 elementor-top-column elementor-element elementor-element-78920a6\" data-id=\"78920a6\" data-element_type=\"column\" data-e-type=\"column\">\n\t\t\t<div class=\"elementor-widget-wrap elementor-element-populated\">\n\t\t\t\t\t\t<div class=\"elementor-element elementor-element-74651fc ha-has-bg-overlay elementor-widget elementor-widget-text-editor\" data-id=\"74651fc\" data-element_type=\"widget\" data-e-type=\"widget\" data-widget_type=\"text-editor.default\">\n\t\t\t\t\t\t\t\t\t<p>Ancien Gasthaus Deutscher Kaiser \/ Goldene Traube 20<\/p>\t\t\t\t\t\t\t\t<\/div>\n\t\t\t\t\t<\/div>\n\t\t<\/div>\n\t\t\t\t\t<\/div>\n\t\t<\/section>\n\t\t<div class=\"elementor-element elementor-element-2f5d851 e-con-full e-flex e-con e-parent\" data-id=\"2f5d851\" data-element_type=\"container\" data-e-type=\"container\" data-settings=\"{&quot;jet_parallax_layout_list&quot;:[{&quot;jet_parallax_layout_image&quot;:{&quot;url&quot;:&quot;&quot;,&quot;id&quot;:&quot;&quot;,&quot;size&quot;:&quot;&quot;},&quot;_id&quot;:&quot;f7c4776&quot;,&quot;jet_parallax_layout_image_tablet&quot;:{&quot;url&quot;:&quot;&quot;,&quot;id&quot;:&quot;&quot;,&quot;size&quot;:&quot;&quot;},&quot;jet_parallax_layout_image_mobile&quot;:{&quot;url&quot;:&quot;&quot;,&quot;id&quot;:&quot;&quot;,&quot;size&quot;:&quot;&quot;},&quot;jet_parallax_layout_speed&quot;:{&quot;unit&quot;:&quot;%&quot;,&quot;size&quot;:50,&quot;sizes&quot;:[]},&quot;jet_parallax_layout_type&quot;:&quot;scroll&quot;,&quot;jet_parallax_layout_direction&quot;:&quot;1&quot;,&quot;jet_parallax_layout_fx_direction&quot;:null,&quot;jet_parallax_layout_z_index&quot;:&quot;&quot;,&quot;jet_parallax_layout_bg_x&quot;:50,&quot;jet_parallax_layout_bg_x_tablet&quot;:&quot;&quot;,&quot;jet_parallax_layout_bg_x_mobile&quot;:&quot;&quot;,&quot;jet_parallax_layout_bg_y&quot;:50,&quot;jet_parallax_layout_bg_y_tablet&quot;:&quot;&quot;,&quot;jet_parallax_layout_bg_y_mobile&quot;:&quot;&quot;,&quot;jet_parallax_layout_bg_size&quot;:&quot;auto&quot;,&quot;jet_parallax_layout_bg_size_tablet&quot;:&quot;&quot;,&quot;jet_parallax_layout_bg_size_mobile&quot;:&quot;&quot;,&quot;jet_parallax_layout_animation_prop&quot;:&quot;transform&quot;,&quot;jet_parallax_layout_on&quot;:[&quot;desktop&quot;,&quot;tablet&quot;]}],&quot;_ha_eqh_enable&quot;:&quot;yes&quot;,&quot;_ha_eqh_widget&quot;:[&quot;icon-list&quot;,&quot;text-editor&quot;],&quot;_ha_eqh_to&quot;:&quot;widget&quot;,&quot;_ha_eqh_disable_on_tablet&quot;:&quot;no&quot;,&quot;_ha_eqh_disable_on_mobile&quot;:&quot;yes&quot;}\">\n\t\t<div class=\"elementor-element elementor-element-8eeb164 e-con-full elementor-hidden-tablet elementor-hidden-mobile e-flex e-con e-child\" data-id=\"8eeb164\" data-element_type=\"container\" data-e-type=\"container\" data-settings=\"{&quot;jet_parallax_layout_list&quot;:[],&quot;_ha_eqh_enable&quot;:false}\">\n\t\t\t\t<div class=\"elementor-element elementor-element-8ea207d elementor-widget__width-inherit elementor-widget elementor-widget-jet-custom-menu\" data-id=\"8ea207d\" data-element_type=\"widget\" data-e-type=\"widget\" data-widget_type=\"jet-custom-menu.default\">\n\t\t\t\t<div class=\"elementor-widget-container\">\n\t\t\t\t\t<div class=\"menu-groupe-tal-container\"><div class=\"jet-custom-nav jet-custom-nav--dropdown-right-side jet-custom-nav--animation-fade\" data-trigger=\"hover\"><div class=\"menu-item menu-item-type-post_type menu-item-object-page jet-custom-nav__item jet-custom-nav__item-12658\"><a href=\"https:\/\/spurensuche.museumdurbach.de\/fr\/19-0\/\" class=\"jet-custom-nav__item-link\"><span class=\"jet-menu-link-text\"><span class=\"jet-custom-item-label top-level-label\">19 Ancienne forge<\/span><\/span><\/a><\/div>\n<div class=\"menu-item menu-item-type-post_type menu-item-object-page jet-custom-nav__item jet-custom-nav__item-12659\"><a href=\"https:\/\/spurensuche.museumdurbach.de\/fr\/20-0\/\" class=\"jet-custom-nav__item-link\"><span class=\"jet-menu-link-text\"><span class=\"jet-custom-item-label top-level-label\">20 Ancien Gasthaus Deutscher Kaiser \/ Goldene Traube<\/span><\/span><\/a><\/div>\n<div class=\"menu-item menu-item-type-post_type menu-item-object-page jet-custom-nav__item jet-custom-nav__item-12660\"><a href=\"https:\/\/spurensuche.museumdurbach.de\/fr\/22-0\/\" class=\"jet-custom-nav__item-link\"><span class=\"jet-menu-link-text\"><span class=\"jet-custom-item-label top-level-label\">22 Ancienne maison b\u00e9n\u00e9ficiaire \/ h\u00f4pital<\/span><\/span><\/a><\/div>\n<div class=\"menu-item menu-item-type-post_type menu-item-object-page jet-custom-nav__item jet-custom-nav__item-12661\"><a href=\"https:\/\/spurensuche.museumdurbach.de\/fr\/23-0\/\" class=\"jet-custom-nav__item-link\"><span class=\"jet-menu-link-text\"><span class=\"jet-custom-item-label top-level-label\">23 Ancien immeuble de bureaux<\/span><\/span><\/a><\/div>\n<div class=\"menu-item menu-item-type-post_type menu-item-object-page jet-custom-nav__item jet-custom-nav__item-12662\"><a href=\"https:\/\/spurensuche.museumdurbach.de\/fr\/24-0\/\" class=\"jet-custom-nav__item-link\"><span class=\"jet-menu-link-text\"><span class=\"jet-custom-item-label top-level-label\">24 Ancienne maison des docteurs<\/span><\/span><\/a><\/div>\n<div class=\"menu-item menu-item-type-post_type menu-item-object-page jet-custom-nav__item jet-custom-nav__item-12663\"><a href=\"https:\/\/spurensuche.museumdurbach.de\/fr\/25-0\/\" class=\"jet-custom-nav__item-link\"><span class=\"jet-menu-link-text\"><span class=\"jet-custom-item-label top-level-label\">25 Ancienne boulangerie<\/span><\/span><\/a><\/div>\n<div class=\"menu-item menu-item-type-post_type menu-item-object-page jet-custom-nav__item jet-custom-nav__item-12664\"><a href=\"https:\/\/spurensuche.museumdurbach.de\/fr\/26-0\/\" class=\"jet-custom-nav__item-link\"><span class=\"jet-menu-link-text\"><span class=\"jet-custom-item-label top-level-label\">26 Gasthaus zur Linde<\/span><\/span><\/a><\/div>\n<div class=\"menu-item menu-item-type-post_type menu-item-object-page jet-custom-nav__item jet-custom-nav__item-12665\"><a href=\"https:\/\/spurensuche.museumdurbach.de\/fr\/27-0\/\" class=\"jet-custom-nav__item-link\"><span class=\"jet-menu-link-text\"><span class=\"jet-custom-item-label top-level-label\">27 Ancien Herrenm\u00fchle<\/span><\/span><\/a><\/div>\n<\/div><\/div>\t\t\t\t<\/div>\n\t\t\t\t<\/div>\n\t\t\t\t<div class=\"elementor-element elementor-element-2b64abe elementor-list-item-link-inline elementor-align-center elementor-mobile-align-start elementor-widget__width-inherit elementor-icon-list--layout-traditional ha-has-bg-overlay elementor-widget elementor-widget-icon-list\" data-id=\"2b64abe\" data-element_type=\"widget\" data-e-type=\"widget\" data-widget_type=\"icon-list.default\">\n\t\t\t\t\t\t\t<ul class=\"elementor-icon-list-items\">\n\t\t\t\t\t\t\t<li class=\"elementor-icon-list-item\">\n\t\t\t\t\t\t\t\t\t\t\t<a href=\"https:\/\/spurensuche.museumdurbach.de\/20-1\/\" target=\"_blank\">\n\n\t\t\t\t\t\t\t\t\t\t\t\t<span class=\"elementor-icon-list-icon\">\n\t\t\t\t\t\t\t<svg aria-hidden=\"true\" class=\"e-font-icon-svg e-fas-qrcode\" viewBox=\"0 0 448 512\" xmlns=\"http:\/\/www.w3.org\/2000\/svg\"><path d=\"M0 224h192V32H0v192zM64 96h64v64H64V96zm192-64v192h192V32H256zm128 128h-64V96h64v64zM0 480h192V288H0v192zm64-128h64v64H64v-64zm352-64h32v128h-96v-32h-32v96h-64V288h96v32h64v-32zm0 160h32v32h-32v-32zm-64 0h32v32h-32v-32z\"><\/path><\/svg>\t\t\t\t\t\t<\/span>\n\t\t\t\t\t\t\t\t\t\t<span class=\"elementor-icon-list-text\">Information additionnelle<\/span>\n\t\t\t\t\t\t\t\t\t\t\t<\/a>\n\t\t\t\t\t\t\t\t\t<\/li>\n\t\t\t\t\t\t<\/ul>\n\t\t\t\t\t\t<\/div>\n\t\t\t\t<\/div>\n\t\t\t\t<div class=\"elementor-element elementor-element-77e51bb elementor-widget__width-initial elementor-widget elementor-widget-text-editor\" data-id=\"77e51bb\" data-element_type=\"widget\" data-e-type=\"widget\" data-widget_type=\"text-editor.default\">\n\t\t\t\t\t\t\t\t\t<p>L&rsquo;histoire de la maison commence le 15 octobre 1813 avec la vente aux ench\u00e8res du vignoble seigneurial de M\u00fchlberg par le tonnelier du ch\u00e2teau Johannes Borho. Deux trots ont \u00e9galement \u00e9t\u00e9 acquis, ce qui montre la plus grande importance de la cour. En 1833, il existe pour la premi\u00e8re fois des preuves d&rsquo;une \u00ab\u00a0\u00e9conomie de la bi\u00e8re\u00a0\u00bb sous le nom de \u00ab\u00a0Zum Deutschen Kaiser\u00a0\u00bb.  <\/p><p>De nombreux changements de propri\u00e9taires fa\u00e7onnent ensuite l&rsquo;\u00e9poque jusqu&rsquo;aux ann\u00e9es 1920. L&rsquo;ann\u00e9e 1929 frappe durement l&rsquo;auberge. Le 23 juillet 1929, l&rsquo;auberge br\u00fble presque enti\u00e8rement, probablement \u00e0 cause d&rsquo;un incendie criminel.  <\/p><p>Andreas Hettig a acquis la propri\u00e9t\u00e9 en 1930 et a construit la nouvelle auberge \u00ab\u00a0Zur Goldenen Traube\u00a0\u00bb, qui a \u00e9t\u00e9 dirig\u00e9e par la famille Hettig jusqu&rsquo;en 2021.<\/p>\t\t\t\t\t\t\t\t<\/div>\n\t\t\t\t<div class=\"elementor-element elementor-element-7a9ac1a elementor-widget__width-initial ha-has-bg-overlay elementor-widget elementor-widget-text-editor\" data-id=\"7a9ac1a\" data-element_type=\"widget\" data-e-type=\"widget\" data-widget_type=\"text-editor.default\">\n\t\t\t\t\t\t\t\t\t<p>La cave rocheuse pour le stockage de la bi\u00e8re a \u00e9t\u00e9 construite sur le m\u00eame terrain d\u00e8s 1825. L&rsquo;ann\u00e9e de construction de la cave r\u00e9sulte des armoiries du brasseur avec les initiales KB \u00e0 l&rsquo;entr\u00e9e dans la vo\u00fbte de la cave. <\/p><p><img fetchpriority=\"high\" decoding=\"async\" class=\"size-medium wp-image-2513\" src=\"https:\/\/spurensuche.museumdurbach.de\/wp-content\/uploads\/2021\/04\/Deutscher-Kaiser-2-300x228.jpg\" alt=\"\" width=\"605\" height=\"460\" srcset=\"https:\/\/spurensuche.museumdurbach.de\/wp-content\/uploads\/2021\/04\/Deutscher-Kaiser-2-300x228.jpg 300w, https:\/\/spurensuche.museumdurbach.de\/wp-content\/uploads\/2021\/04\/Deutscher-Kaiser-2.jpg 640w\" sizes=\"(max-width: 605px) 100vw, 605px\" \/><\/p>\t\t\t\t\t\t\t\t<\/div>\n\t\t\t\t<\/div>\n\t\t\t\t<section class=\"elementor-section elementor-top-section elementor-element elementor-element-5f510b3 elementor-section-full_width elementor-hidden-desktop elementor-section-height-default elementor-section-height-default\" data-id=\"5f510b3\" data-element_type=\"section\" data-e-type=\"section\" data-settings=\"{&quot;jet_parallax_layout_list&quot;:[{&quot;jet_parallax_layout_image&quot;:{&quot;url&quot;:&quot;&quot;,&quot;id&quot;:&quot;&quot;,&quot;size&quot;:&quot;&quot;},&quot;_id&quot;:&quot;c6e6e54&quot;,&quot;jet_parallax_layout_image_tablet&quot;:{&quot;url&quot;:&quot;&quot;,&quot;id&quot;:&quot;&quot;,&quot;size&quot;:&quot;&quot;},&quot;jet_parallax_layout_image_mobile&quot;:{&quot;url&quot;:&quot;&quot;,&quot;id&quot;:&quot;&quot;,&quot;size&quot;:&quot;&quot;},&quot;jet_parallax_layout_speed&quot;:{&quot;unit&quot;:&quot;%&quot;,&quot;size&quot;:50,&quot;sizes&quot;:[]},&quot;jet_parallax_layout_type&quot;:&quot;scroll&quot;,&quot;jet_parallax_layout_direction&quot;:&quot;1&quot;,&quot;jet_parallax_layout_fx_direction&quot;:null,&quot;jet_parallax_layout_z_index&quot;:&quot;&quot;,&quot;jet_parallax_layout_bg_x&quot;:50,&quot;jet_parallax_layout_bg_x_tablet&quot;:&quot;&quot;,&quot;jet_parallax_layout_bg_x_mobile&quot;:&quot;&quot;,&quot;jet_parallax_layout_bg_y&quot;:50,&quot;jet_parallax_layout_bg_y_tablet&quot;:&quot;&quot;,&quot;jet_parallax_layout_bg_y_mobile&quot;:&quot;&quot;,&quot;jet_parallax_layout_bg_size&quot;:&quot;auto&quot;,&quot;jet_parallax_layout_bg_size_tablet&quot;:&quot;&quot;,&quot;jet_parallax_layout_bg_size_mobile&quot;:&quot;&quot;,&quot;jet_parallax_layout_animation_prop&quot;:&quot;transform&quot;,&quot;jet_parallax_layout_on&quot;:[&quot;desktop&quot;,&quot;tablet&quot;]}],&quot;_ha_eqh_enable&quot;:&quot;yes&quot;,&quot;_ha_eqh_widget&quot;:[&quot;icon-list&quot;],&quot;_ha_eqh_to&quot;:&quot;widget&quot;,&quot;_ha_eqh_disable_on_tablet&quot;:&quot;no&quot;,&quot;_ha_eqh_disable_on_mobile&quot;:&quot;yes&quot;}\">\n\t\t\t\t\t\t<div class=\"elementor-container elementor-column-gap-default\">\n\t\t\t\t\t<div class=\"elementor-column elementor-col-100 elementor-top-column elementor-element elementor-element-8711cac\" data-id=\"8711cac\" data-element_type=\"column\" data-e-type=\"column\">\n\t\t\t<div class=\"elementor-widget-wrap elementor-element-populated\">\n\t\t\t\t\t\t<div class=\"elementor-element elementor-element-978cadb elementor-list-item-link-inline elementor-align-start elementor-tablet-align-start elementor-mobile-align-start elementor-icon-list--layout-traditional ha-has-bg-overlay elementor-widget elementor-widget-icon-list\" data-id=\"978cadb\" data-element_type=\"widget\" data-e-type=\"widget\" data-widget_type=\"icon-list.default\">\n\t\t\t\t\t\t\t<ul class=\"elementor-icon-list-items\">\n\t\t\t\t\t\t\t<li class=\"elementor-icon-list-item\">\n\t\t\t\t\t\t\t\t\t\t\t<a href=\"https:\/\/spurensuche.museumdurbach.de\/20-1\/\" target=\"_blank\">\n\n\t\t\t\t\t\t\t\t\t\t\t\t<span class=\"elementor-icon-list-icon\">\n\t\t\t\t\t\t\t<svg aria-hidden=\"true\" class=\"e-font-icon-svg e-fas-qrcode\" viewBox=\"0 0 448 512\" xmlns=\"http:\/\/www.w3.org\/2000\/svg\"><path d=\"M0 224h192V32H0v192zM64 96h64v64H64V96zm192-64v192h192V32H256zm128 128h-64V96h64v64zM0 480h192V288H0v192zm64-128h64v64H64v-64zm352-64h32v128h-96v-32h-32v96h-64V288h96v32h64v-32zm0 160h32v32h-32v-32zm-64 0h32v32h-32v-32z\"><\/path><\/svg>\t\t\t\t\t\t<\/span>\n\t\t\t\t\t\t\t\t\t\t<span class=\"elementor-icon-list-text\">Information additionnelle<\/span>\n\t\t\t\t\t\t\t\t\t\t\t<\/a>\n\t\t\t\t\t\t\t\t\t<\/li>\n\t\t\t\t\t\t<\/ul>\n\t\t\t\t\t\t<\/div>\n\t\t\t\t\t<\/div>\n\t\t<\/div>\n\t\t\t\t\t<\/div>\n\t\t<\/section>\n\t\t\t\t<section class=\"elementor-section elementor-top-section elementor-element elementor-element-d416fb0 elementor-section-full_width elementor-section-height-default elementor-section-height-default\" data-id=\"d416fb0\" data-element_type=\"section\" data-e-type=\"section\" data-settings=\"{&quot;jet_parallax_layout_list&quot;:[{&quot;jet_parallax_layout_image&quot;:{&quot;url&quot;:&quot;&quot;,&quot;id&quot;:&quot;&quot;,&quot;size&quot;:&quot;&quot;},&quot;_id&quot;:&quot;6203778&quot;,&quot;jet_parallax_layout_image_tablet&quot;:{&quot;url&quot;:&quot;&quot;,&quot;id&quot;:&quot;&quot;,&quot;size&quot;:&quot;&quot;},&quot;jet_parallax_layout_image_mobile&quot;:{&quot;url&quot;:&quot;&quot;,&quot;id&quot;:&quot;&quot;,&quot;size&quot;:&quot;&quot;},&quot;jet_parallax_layout_speed&quot;:{&quot;unit&quot;:&quot;%&quot;,&quot;size&quot;:50,&quot;sizes&quot;:[]},&quot;jet_parallax_layout_type&quot;:&quot;scroll&quot;,&quot;jet_parallax_layout_direction&quot;:&quot;1&quot;,&quot;jet_parallax_layout_fx_direction&quot;:null,&quot;jet_parallax_layout_z_index&quot;:&quot;&quot;,&quot;jet_parallax_layout_bg_x&quot;:50,&quot;jet_parallax_layout_bg_x_tablet&quot;:&quot;&quot;,&quot;jet_parallax_layout_bg_x_mobile&quot;:&quot;&quot;,&quot;jet_parallax_layout_bg_y&quot;:50,&quot;jet_parallax_layout_bg_y_tablet&quot;:&quot;&quot;,&quot;jet_parallax_layout_bg_y_mobile&quot;:&quot;&quot;,&quot;jet_parallax_layout_bg_size&quot;:&quot;auto&quot;,&quot;jet_parallax_layout_bg_size_tablet&quot;:&quot;&quot;,&quot;jet_parallax_layout_bg_size_mobile&quot;:&quot;&quot;,&quot;jet_parallax_layout_animation_prop&quot;:&quot;transform&quot;,&quot;jet_parallax_layout_on&quot;:[&quot;desktop&quot;,&quot;tablet&quot;]}],&quot;_ha_eqh_enable&quot;:false}\">\n\t\t\t\t\t\t<div class=\"elementor-container elementor-column-gap-default\">\n\t\t\t\t\t<div class=\"elementor-column elementor-col-100 elementor-top-column elementor-element elementor-element-722e5e3\" data-id=\"722e5e3\" data-element_type=\"column\" data-e-type=\"column\">\n\t\t\t<div class=\"elementor-widget-wrap elementor-element-populated\">\n\t\t\t\t\t\t<div class=\"elementor-element elementor-element-3a0d5ad elementor-widget elementor-widget-google_maps\" data-id=\"3a0d5ad\" data-element_type=\"widget\" data-e-type=\"widget\" data-widget_type=\"google_maps.default\">\n\t\t\t\t\t\t\t<div class=\"elementor-custom-embed\">\n\t\t\t<iframe loading=\"lazy\"\n\t\t\t\t\tsrc=\"https:\/\/www.google.com\/maps\/embed\/v1\/place?key=AIzaSyCXEZg4aQR__RV_skBQ9-WtRNqg35TBoN8&#038;q=Deutschland%2C%20Tal%2025%2C%2077770%20Durbach&#038;zoom=15\"\n\t\t\t\t\ttitle=\"Deutschland, Tal 25, 77770 Durbach\"\n\t\t\t\t\taria-label=\"Deutschland, Tal 25, 77770 Durbach\"\n\t\t\t><\/iframe>\n\t\t<\/div>\n\t\t\t\t\t\t<\/div>\n\t\t\t\t\t<\/div>\n\t\t<\/div>\n\t\t\t\t\t<\/div>\n\t\t<\/section>\n\t\t\t\t<\/div>\n\t\t","protected":false},"excerpt":{"rendered":"<p>Dans le quartier Ancien Gasthaus Deutscher Kaiser \/ Goldene Traube 20 19 Ehemalige Schmiede 20 Ehemaliges Gasthaus Deutscher Kaiser \/ Goldene Traube 22 Ehemaliges Pfr\u00fcndnerhaus \/ Spital 23 Ehemaliges Amtshaus 24 Altes Doktorhaus 25 Ehemalige B\u00e4ckerei 26 Gasthaus zur Linde 27 Ehemalige Herrenm\u00fchle Information additionnelle L&rsquo;histoire de la maison commence le 15 octobre 1813 avec [&hellip;]<\/p>\n","protected":false},"author":2,"featured_media":0,"parent":0,"menu_order":0,"comment_status":"closed","ping_status":"closed","template":"full-width.php","meta":{"_acf_changed":false,"ngg_post_thumbnail":0,"footnotes":""},"categories":[],"tags":[],"class_list":["post-10963","page","type-page","status-publish","hentry"],"acf":[],"_links":{"self":[{"href":"https:\/\/spurensuche.museumdurbach.de\/fr\/wp-json\/wp\/v2\/pages\/10963","targetHints":{"allow":["GET"]}}],"collection":[{"href":"https:\/\/spurensuche.museumdurbach.de\/fr\/wp-json\/wp\/v2\/pages"}],"about":[{"href":"https:\/\/spurensuche.museumdurbach.de\/fr\/wp-json\/wp\/v2\/types\/page"}],"author":[{"embeddable":true,"href":"https:\/\/spurensuche.museumdurbach.de\/fr\/wp-json\/wp\/v2\/users\/2"}],"replies":[{"embeddable":true,"href":"https:\/\/spurensuche.museumdurbach.de\/fr\/wp-json\/wp\/v2\/comments?post=10963"}],"version-history":[{"count":6,"href":"https:\/\/spurensuche.museumdurbach.de\/fr\/wp-json\/wp\/v2\/pages\/10963\/revisions"}],"predecessor-version":[{"id":19950,"href":"https:\/\/spurensuche.museumdurbach.de\/fr\/wp-json\/wp\/v2\/pages\/10963\/revisions\/19950"}],"wp:attachment":[{"href":"https:\/\/spurensuche.museumdurbach.de\/fr\/wp-json\/wp\/v2\/media?parent=10963"}],"wp:term":[{"taxonomy":"category","embeddable":true,"href":"https:\/\/spurensuche.museumdurbach.de\/fr\/wp-json\/wp\/v2\/categories?post=10963"},{"taxonomy":"post_tag","embeddable":true,"href":"https:\/\/spurensuche.museumdurbach.de\/fr\/wp-json\/wp\/v2\/tags?post=10963"}],"curies":[{"name":"wp","href":"https:\/\/api.w.org\/{rel}","templated":true}]}}