{"id":18674,"date":"2026-03-24T11:57:58","date_gmt":"2026-03-24T10:57:58","guid":{"rendered":"https:\/\/spurensuche.museumdurbach.de\/index.php\/04-1-ancienne-cave-a-biere-informations-complementaires\/"},"modified":"2026-03-24T11:58:46","modified_gmt":"2026-03-24T10:58:46","slug":"04-1-ancienne-cave-a-biere-informations-complementaires","status":"publish","type":"page","link":"https:\/\/spurensuche.museumdurbach.de\/fr\/04-1-ancienne-cave-a-biere-informations-complementaires\/","title":{"rendered":"04-1 Ancienne cave \u00e0 bi\u00e8re Informations compl\u00e9mentaires"},"content":{"rendered":"\t\t<div data-elementor-type=\"wp-page\" data-elementor-id=\"18674\" class=\"elementor elementor-18674 elementor-9345\" data-elementor-settings=\"{&quot;ha_cmc_init_switcher&quot;:&quot;no&quot;}\">\n\t\t\t\t<div class=\"elementor-element elementor-element-61235d7 e-con-full e-flex e-con e-parent\" data-id=\"61235d7\" data-element_type=\"container\" data-e-type=\"container\" data-settings=\"{&quot;jet_parallax_layout_list&quot;:[{&quot;jet_parallax_layout_image&quot;:{&quot;url&quot;:&quot;&quot;,&quot;id&quot;:&quot;&quot;,&quot;size&quot;:&quot;&quot;},&quot;_id&quot;:&quot;37fef69&quot;,&quot;jet_parallax_layout_image_tablet&quot;:{&quot;url&quot;:&quot;&quot;,&quot;id&quot;:&quot;&quot;,&quot;size&quot;:&quot;&quot;},&quot;jet_parallax_layout_image_mobile&quot;:{&quot;url&quot;:&quot;&quot;,&quot;id&quot;:&quot;&quot;,&quot;size&quot;:&quot;&quot;},&quot;jet_parallax_layout_speed&quot;:{&quot;unit&quot;:&quot;%&quot;,&quot;size&quot;:50,&quot;sizes&quot;:[]},&quot;jet_parallax_layout_type&quot;:&quot;scroll&quot;,&quot;jet_parallax_layout_direction&quot;:&quot;1&quot;,&quot;jet_parallax_layout_fx_direction&quot;:null,&quot;jet_parallax_layout_z_index&quot;:&quot;&quot;,&quot;jet_parallax_layout_bg_x&quot;:50,&quot;jet_parallax_layout_bg_x_tablet&quot;:&quot;&quot;,&quot;jet_parallax_layout_bg_x_mobile&quot;:&quot;&quot;,&quot;jet_parallax_layout_bg_y&quot;:50,&quot;jet_parallax_layout_bg_y_tablet&quot;:&quot;&quot;,&quot;jet_parallax_layout_bg_y_mobile&quot;:&quot;&quot;,&quot;jet_parallax_layout_bg_size&quot;:&quot;auto&quot;,&quot;jet_parallax_layout_bg_size_tablet&quot;:&quot;&quot;,&quot;jet_parallax_layout_bg_size_mobile&quot;:&quot;&quot;,&quot;jet_parallax_layout_animation_prop&quot;:&quot;transform&quot;,&quot;jet_parallax_layout_on&quot;:[&quot;desktop&quot;,&quot;tablet&quot;]}],&quot;background_background&quot;:&quot;classic&quot;,&quot;_ha_eqh_enable&quot;:false}\">\n\t\t\t\t<div class=\"elementor-element elementor-element-a599d70 ha-has-bg-overlay elementor-widget elementor-widget-text-editor\" data-id=\"a599d70\" data-element_type=\"widget\" data-e-type=\"widget\" data-widget_type=\"text-editor.default\">\n\t\t\t\t\t\t\t\t\t<p>Ancienne cave \u00e0 bi\u00e8re &#8211; Informations compl\u00e9mentaires<\/p>\t\t\t\t\t\t\t\t<\/div>\n\t\t\t\t<\/div>\n\t\t<div class=\"elementor-element elementor-element-576117b e-con-full e-flex e-con e-parent\" data-id=\"576117b\" data-element_type=\"container\" data-e-type=\"container\" data-settings=\"{&quot;jet_parallax_layout_list&quot;:[{&quot;jet_parallax_layout_image&quot;:{&quot;url&quot;:&quot;&quot;,&quot;id&quot;:&quot;&quot;,&quot;size&quot;:&quot;&quot;},&quot;_id&quot;:&quot;f7c4776&quot;,&quot;jet_parallax_layout_image_tablet&quot;:{&quot;url&quot;:&quot;&quot;,&quot;id&quot;:&quot;&quot;,&quot;size&quot;:&quot;&quot;},&quot;jet_parallax_layout_image_mobile&quot;:{&quot;url&quot;:&quot;&quot;,&quot;id&quot;:&quot;&quot;,&quot;size&quot;:&quot;&quot;},&quot;jet_parallax_layout_speed&quot;:{&quot;unit&quot;:&quot;%&quot;,&quot;size&quot;:50,&quot;sizes&quot;:[]},&quot;jet_parallax_layout_type&quot;:&quot;scroll&quot;,&quot;jet_parallax_layout_direction&quot;:&quot;1&quot;,&quot;jet_parallax_layout_fx_direction&quot;:null,&quot;jet_parallax_layout_z_index&quot;:&quot;&quot;,&quot;jet_parallax_layout_bg_x&quot;:50,&quot;jet_parallax_layout_bg_x_tablet&quot;:&quot;&quot;,&quot;jet_parallax_layout_bg_x_mobile&quot;:&quot;&quot;,&quot;jet_parallax_layout_bg_y&quot;:50,&quot;jet_parallax_layout_bg_y_tablet&quot;:&quot;&quot;,&quot;jet_parallax_layout_bg_y_mobile&quot;:&quot;&quot;,&quot;jet_parallax_layout_bg_size&quot;:&quot;auto&quot;,&quot;jet_parallax_layout_bg_size_tablet&quot;:&quot;&quot;,&quot;jet_parallax_layout_bg_size_mobile&quot;:&quot;&quot;,&quot;jet_parallax_layout_animation_prop&quot;:&quot;transform&quot;,&quot;jet_parallax_layout_on&quot;:[&quot;desktop&quot;,&quot;tablet&quot;]}]}\">\n\t\t<div class=\"elementor-element elementor-element-cfd8728 e-con-full e-flex e-con e-child\" data-id=\"cfd8728\" data-element_type=\"container\" data-e-type=\"container\" data-settings=\"{&quot;jet_parallax_layout_list&quot;:[],&quot;_ha_eqh_enable&quot;:false}\">\n\t\t\t\t<div class=\"elementor-element elementor-element-bbd7366 elementor-widget elementor-widget-text-editor\" data-id=\"bbd7366\" data-element_type=\"widget\" data-e-type=\"widget\" data-widget_type=\"text-editor.default\">\n\t\t\t\t\t\t\t\t\t<p style=\"text-align: center;\"><strong>Le \u00ab Michele Witsch \u00bb<\/strong><\/p><p style=\"text-align: center;\"><strong><br><\/strong><\/p>\n<p>Depuis des g\u00e9n\u00e9rations, la cave troglodytique de Plauelrain alimente les l\u00e9gendes de D\u00fcrbach. On raconte que le \u00ab&nbsp;Sorcier Michele&nbsp;\u00bb hantait autrefois les lieux. Selon la l\u00e9gende, on pouvait surtout le croiser \u00e0 Plauelrain, pr\u00e8s de la \u00ab&nbsp;cave \u00e0 bi\u00e8re&nbsp;\u00bb ou \u00e0 proximit\u00e9 imm\u00e9diate. Il \u00e9tait d\u00e9crit comme un vieux soldat russe, souvent coiff\u00e9 d&rsquo;un chapeau mou et v\u00eatu d&rsquo;un long manteau. Toutes sortes de farces et d&rsquo;apparitions fantomatiques \u00e9taient attribu\u00e9es \u00e0 ce dernier.    <\/p>\n<p>Il effrayait parfois les jeunes couples qui s&rsquo;approchaient de lui au cr\u00e9puscule ou la nuit. Michele Witsch devait \u00eatre un sacr\u00e9 buveur, car il avait souvent des liaisons avec des femmes qui appr\u00e9ciaient la boisson. Les enfants qui se comportaient mal \u00e9taient \u00e9galement menac\u00e9s de repr\u00e9sailles de la part de Michele Witsch s&rsquo;ils ne se tenaient pas \u00e0 carreau. Quoi qu&rsquo;il en soit, c&rsquo;est bien \u00e0 cause des \u00ab&nbsp;spiritueux&nbsp;\u00bb que la cave troglodytique fut construite.   <\/p>\t\t\t\t\t\t\t\t<\/div>\n\t\t\t\t<\/div>\n\t\t<div class=\"elementor-element elementor-element-abc5619 e-con-full e-flex e-con e-child\" data-id=\"abc5619\" data-element_type=\"container\" data-e-type=\"container\" data-settings=\"{&quot;jet_parallax_layout_list&quot;:[],&quot;_ha_eqh_enable&quot;:false}\">\n\t\t\t\t<div class=\"elementor-element elementor-element-a4d3936 elementor-widget elementor-widget-jet-images-layout\" data-id=\"a4d3936\" data-element_type=\"widget\" data-e-type=\"widget\" data-settings=\"{&quot;columns&quot;:&quot;1&quot;}\" data-widget_type=\"jet-images-layout.default\">\n\t\t\t\t<div class=\"elementor-widget-container\">\n\t\t\t\t\t<div class=\"elementor-jet-images-layout jet-elements\">\n<div class=\"jet-images-layout layout-type-masonry\" data-settings='{&quot;layoutType&quot;:&quot;masonry&quot;,&quot;justifyHeight&quot;:300}'>\n\t<div class=\"jet-images-layout__list salvattore column-desktop-1 column-tablet-2 column-mobile-1\" data-columns>\n<div class=\"jet-images-layout__item \">\n\t<div class=\"jet-images-layout__inner\">\n\t\t<div class=\"jet-images-layout__image-loader\"><span><\/span><\/div>\n\t\t<a class=\"jet-images-layout__link \" href=\"https:\/\/spurensuche.museumdurbach.de\/wp-content\/uploads\/2021\/07\/Bierkeller-2.jpg\" data-elementor-open-lightbox=\"yes\" data-elementor-lightbox-slideshow=\"a4d3936\">\n\t\t\t<div class=\"jet-images-layout__image\">\n\t\t\t\t<img decoding=\"async\" class=\"jet-images-layout__image-instance\" src=\"https:\/\/spurensuche.museumdurbach.de\/wp-content\/uploads\/2021\/07\/Bierkeller-2.jpg\" alt=\"Bierkeller 2\" loading=\"lazy\">\t\t\t<\/div>\n\t\t\t<div class=\"jet-images-layout__content\"><\/div>\n\t\t<\/a>\n\t<\/div>\n<\/div>\n<\/div><\/div>\n<\/div>\t\t\t\t<\/div>\n\t\t\t\t<\/div>\n\t\t\t\t<div class=\"elementor-element elementor-element-fadce1f elementor-widget-tablet__width-inherit ha-has-bg-overlay elementor-widget elementor-widget-text-editor\" data-id=\"fadce1f\" data-element_type=\"widget\" data-e-type=\"widget\" data-widget_type=\"text-editor.default\">\n\t\t\t\t\t\t\t\t\t<p>Liens vers des documents de lecture compl\u00e9mentaires<\/p>\t\t\t\t\t\t\t\t<\/div>\n\t\t\t\t<div class=\"elementor-element elementor-element-fee312c elementor-widget elementor-widget-jet-custom-menu\" data-id=\"fee312c\" data-element_type=\"widget\" data-e-type=\"widget\" data-widget_type=\"jet-custom-menu.default\">\n\t\t\t\t<div class=\"elementor-widget-container\">\n\t\t\t\t\t<div class=\"menu-pdfs-bierkeller-container\"><div class=\"jet-custom-nav jet-custom-nav--dropdown-right-side jet-custom-nav--animation-fade\" data-trigger=\"hover\"><div class=\"menu-item menu-item-type-custom menu-item-object-custom jet-custom-nav__item jet-custom-nav__item-9397\"><a href=\"https:\/\/spurensuche.museumdurbach.de\/wp-content\/uploads\/2021\/07\/Geschichte_Felsenkeller-1.pdf\" class=\"jet-custom-nav__item-link\"><span class=\"jet-menu-link-text\"><span class=\"jet-custom-item-label top-level-label\">Die Geschichte des Felsenkellers<\/span><\/span><\/a><\/div>\n<div class=\"menu-item menu-item-type-custom menu-item-object-custom jet-custom-nav__item jet-custom-nav__item-9398\"><a href=\"https:\/\/spurensuche.museumdurbach.de\/wp-content\/uploads\/2021\/07\/Felsenkeller-Dokumente.pdf\" class=\"jet-custom-nav__item-link\"><span class=\"jet-menu-link-text\"><span class=\"jet-custom-item-label top-level-label\">Grund- und Lagerbuch-Ausz\u00fcge zu den Besitzverh\u00e4ltnissen<\/span><\/span><\/a><\/div>\n<div class=\"menu-item menu-item-type-custom menu-item-object-custom jet-custom-nav__item jet-custom-nav__item-9399\"><a href=\"https:\/\/spurensuche.museumdurbach.de\/wp-content\/uploads\/2021\/07\/ortenau1993.pdf\" class=\"jet-custom-nav__item-link\"><span class=\"jet-menu-link-text\"><span class=\"jet-custom-item-label top-level-label\">Die Badwirtschaft \u00ab\u00a0Zum Staufenberg\u00a0\u00bb und der Felsenkeller &#8211; in \u00ab\u00a0Die Ortenau\u00a0\u00bb 1993<\/span><\/span><\/a><\/div>\n<\/div><\/div>\t\t\t\t<\/div>\n\t\t\t\t<\/div>\n\t\t\t\t<\/div>\n\t\t\t\t<\/div>\n\t\t\t\t<\/div>\n\t\t","protected":false},"excerpt":{"rendered":"<p>Ancienne cave \u00e0 bi\u00e8re &#8211; Informations compl\u00e9mentaires Le \u00ab Michele Witsch \u00bb Depuis des g\u00e9n\u00e9rations, la cave troglodytique de Plauelrain alimente les l\u00e9gendes de D\u00fcrbach. On raconte que le \u00ab&nbsp;Sorcier Michele&nbsp;\u00bb hantait autrefois les lieux. Selon la l\u00e9gende, on pouvait surtout le croiser \u00e0 Plauelrain, pr\u00e8s de la \u00ab&nbsp;cave \u00e0 bi\u00e8re&nbsp;\u00bb ou \u00e0 proximit\u00e9 imm\u00e9diate. [&hellip;]<\/p>\n","protected":false},"author":2,"featured_media":0,"parent":0,"menu_order":0,"comment_status":"closed","ping_status":"closed","template":"full-width.php","meta":{"_acf_changed":false,"ngg_post_thumbnail":0,"footnotes":""},"categories":[],"tags":[],"class_list":["post-18674","page","type-page","status-publish","hentry"],"acf":[],"_links":{"self":[{"href":"https:\/\/spurensuche.museumdurbach.de\/fr\/wp-json\/wp\/v2\/pages\/18674","targetHints":{"allow":["GET"]}}],"collection":[{"href":"https:\/\/spurensuche.museumdurbach.de\/fr\/wp-json\/wp\/v2\/pages"}],"about":[{"href":"https:\/\/spurensuche.museumdurbach.de\/fr\/wp-json\/wp\/v2\/types\/page"}],"author":[{"embeddable":true,"href":"https:\/\/spurensuche.museumdurbach.de\/fr\/wp-json\/wp\/v2\/users\/2"}],"replies":[{"embeddable":true,"href":"https:\/\/spurensuche.museumdurbach.de\/fr\/wp-json\/wp\/v2\/comments?post=18674"}],"version-history":[{"count":2,"href":"https:\/\/spurensuche.museumdurbach.de\/fr\/wp-json\/wp\/v2\/pages\/18674\/revisions"}],"predecessor-version":[{"id":18676,"href":"https:\/\/spurensuche.museumdurbach.de\/fr\/wp-json\/wp\/v2\/pages\/18674\/revisions\/18676"}],"wp:attachment":[{"href":"https:\/\/spurensuche.museumdurbach.de\/fr\/wp-json\/wp\/v2\/media?parent=18674"}],"wp:term":[{"taxonomy":"category","embeddable":true,"href":"https:\/\/spurensuche.museumdurbach.de\/fr\/wp-json\/wp\/v2\/categories?post=18674"},{"taxonomy":"post_tag","embeddable":true,"href":"https:\/\/spurensuche.museumdurbach.de\/fr\/wp-json\/wp\/v2\/tags?post=18674"}],"curies":[{"name":"wp","href":"https:\/\/api.w.org\/{rel}","templated":true}]}}